{"id":8060,"date":"2023-06-04T20:48:47","date_gmt":"2023-06-04T17:48:47","guid":{"rendered":"https:\/\/nspshop.net\/product\/zeytin-yapragi-nsp\/"},"modified":"2024-03-31T11:08:21","modified_gmt":"2024-03-31T08:08:21","slug":"zeytin-yapragi-nsp","status":"publish","type":"product","link":"https:\/\/nspshop.net\/tr\/urun\/zeytin-yapragi-nsp\/","title":{"rendered":"Zeytin Yapra\u011f\u0131 NSP"},"content":{"rendered":"\r\n        <div class=\"med_worker_introduce_text \">\r\n\r\n            Bu b\u00f6l\u00fcm sadece <span class=\"med_anchor_link\"> <b>Sa\u011fl\u0131k profesyonelleri<\/b> i\u00e7indir<\/span>\r\n\r\n        <\/div>\r\n\r\n        <div class=\"med_worker_popup_wrapper hide\" style=\"background-color: rgba(10,10,10,0.3)\">\r\n            <div class=\"med_worker_popup\" style=\"width:1024px; height:600px;background-color:#ffffff; border-radius: 10px;\">\r\n                <div class=\"med_worker_confirmation\">\r\n                    <span style=\"font-size: 20px\">\r\n                        Sa\u011fl\u0131k profesyoneli misiniz?                    <\/span>\r\n                    <div class=\"med_worker_buttons\">\r\n                        <a href=\"\" class=\"confirm\" style=\"background-color:#0d594e; color: #ffffff;\">Evet<\/a>\r\n                        <a href=\"\" class=\"reject\" style=\"background-color:#bc2b2b; color: #0a0a0a;\">Hay\u0131r<\/a>\r\n                    <\/div>\r\n                <\/div>\r\n                <div class=\"med_worker_decription hide\"><h1>Zeytin Yapra\u011f\u0131 NSP<\/h1>\n<p>Zeytin yapra\u011f\u0131 NSP, kan damarlar\u0131n\u0131n duvarlar\u0131n\u0131n b\u00fct\u00fcnl\u00fc\u011f\u00fcn\u00fc ve g\u00fcc\u00fcn\u00fc korumaya yard\u0131mc\u0131 olan ve kan p\u0131ht\u0131lar\u0131n\u0131 \u00f6nleyen bir dizi yararl\u0131 madde ile doyurulmu\u015ftur.<\/p>\n<p>Zeytin, yaprak d\u00f6kmeyen subtropikal bir a\u011fa\u00e7t\u0131r. Antik \u00e7a\u011flardan beri zeytinya\u011f\u0131 i\u00e7in yeti\u015ftirilmektedir. Vah\u015fi do\u011fada yeti\u015fmez. Avrupa&#8217;ya antik Yunanl\u0131lar taraf\u0131ndan getirilmi\u015ftir ve efsaneye g\u00f6re bilgelik tanr\u0131\u00e7as\u0131 Athena taraf\u0131ndan yarat\u0131lm\u0131\u015ft\u0131r. Bu arada, Yunanistan bug\u00fcne kadar zeytin a\u011fac\u0131n\u0131 d\u00fcnyadaki di\u011fer t\u00fcm \u00fclkelerden daha fazla yeti\u015ftirmi\u015ftir. Neredeyse iki y\u00fcz ya\u015f\u0131nda olan en ya\u015fl\u0131 a\u011fa\u00e7 ise Bak\u00fc&#8217;de yeti\u015fiyor. \u0130lgin\u00e7 bir \u015fekilde, modern d\u00fcnyada zeytin a\u011fac\u0131 dekoratif bir unsur olarak parklar\u0131 ve meydanlar\u0131 s\u00fcslemek i\u00e7in de kullan\u0131lmaktad\u0131r.<\/p>\n<p>Zeytin a\u011fac\u0131n\u0131n tarihi ilkel \u00e7a\u011flarda ba\u015flar. O zamanlar bile t\u0131bbi \u00f6zellikleri kullan\u0131l\u0131yordu. \u015eimdi, zeytinya\u011f\u0131 denince akl\u0131n\u0131za hemen cildi iyile\u015ftirmek ve metabolizmay\u0131 normalle\u015ftiren sa\u011fl\u0131kl\u0131, besleyici bir diyet geliyor. Ancak zeytinya\u011f\u0131n\u0131n sahip oldu\u011fu b\u00fcy\u00fck faydalar\u0131n hepsi bu de\u011fildir. En eski zamanlardan beri erdem, safl\u0131k ve bar\u0131\u015f kelimeleriyle e\u015fanlaml\u0131 olmas\u0131 bo\u015funa de\u011fildir.<\/p>\n<p>A\u011fac\u0131n yapraklar\u0131, v\u00fccudun normal i\u015fleyi\u015fi i\u00e7in \u00f6nemli olan oleuropeinin bir par\u00e7as\u0131 olan oleanolik asidin yan\u0131 s\u0131ra b\u00fcy\u00fck miktarda C vitamini i\u00e7erir. \u00c7al\u0131\u015fmalar, koroner arterler de dahil olmak \u00fczere arteriyel spazm\u0131 hafifletmeye yard\u0131mc\u0131 oldu\u011funu, kan bas\u0131nc\u0131n\u0131 d\u00fc\u015f\u00fcrd\u00fc\u011f\u00fcn\u00fc, kalp ritmini d\u00fczeltti\u011fini ve kolesterol seviyelerini d\u00fc\u015f\u00fcrd\u00fc\u011f\u00fcn\u00fc g\u00f6stermi\u015ftir.<\/p>\n<p>Zeytin yapra\u011f\u0131 NSP, kan damarlar\u0131n\u0131n duvarlar\u0131n\u0131n b\u00fct\u00fcnl\u00fc\u011f\u00fcn\u00fc ve g\u00fcc\u00fcn\u00fc korumaya yard\u0131mc\u0131 olan ve kan p\u0131ht\u0131lar\u0131n\u0131 \u00f6nleyen bir dizi yararl\u0131 madde ile doyurulmu\u015ftur.<\/p>\n<p>Zeytinya\u011f\u0131n\u0131n sar\u0131c\u0131 etkisi nedeniyle hafif bir m\u00fcshil olarak, safra kesesi ta\u015flar\u0131n\u0131, hemoroidal nod\u00fclleri, kronik gastriti, mukoza zar\u0131 yan\u0131klar\u0131n\u0131 gidermek i\u00e7in \u00f6nerilir. Ya\u011f ayr\u0131ca s\u0131yr\u0131klar, b\u00f6cek \u0131s\u0131r\u0131klar\u0131 i\u00e7in kabuklar\u0131 yumu\u015fatmak i\u00e7in kullan\u0131l\u0131r.<\/p>\n<p>Antik Yunanl\u0131lar zeytinya\u011f\u0131n\u0131n anti-enflamatuar etkisini bildikleri i\u00e7in neredeyse t\u00fcm balsam ve ila\u00e7lar\u0131 haz\u0131rlamak i\u00e7in kullanm\u0131\u015flard\u0131r. Ve art\u0131k zeytinya\u011f\u0131 bir\u00e7ok y\u00fcz ve v\u00fccut bak\u0131m \u00fcr\u00fcn\u00fcnde bulunabiliyor. Bir ba\u015fka faydal\u0131 ger\u00e7ek: zeytinya\u011f\u0131n\u0131n geleneksel bir g\u0131da oldu\u011fu \u0130talya&#8217;n\u0131n yerli n\u00fcfusu, gastrointestinal sistem hastal\u0131klar\u0131na neredeyse hi\u00e7 a\u015fina de\u011fildir.<\/p>\n<p>Yapraklar\u0131n kaynat\u0131lmas\u0131 halk t\u0131bb\u0131nda ate\u015f, hipertansiyon i\u00e7in kullan\u0131l\u0131r. \u0130\u00e7ece\u011fin di\u00fcretik olarak kullan\u0131lmas\u0131 v\u00fccuda zay\u0131fl\u0131k verir ve ateroskleroz geli\u015fimini \u00f6nler. So\u011fuk alg\u0131nl\u0131\u011f\u0131, pas, egzama, pskontjya olivy, \u00fcrtiker ve ba\u015f a\u011fr\u0131lar\u0131 ya\u011f\u0131n d\u00fczenli kullan\u0131m\u0131 ile ortadan kalkar.<\/p>\n<p>Son bilimsel \u00e7al\u0131\u015fmalar, zeytin yapra\u011f\u0131 ekstrakt\u0131n\u0131n streptokok ve stafilokoklara kar\u015f\u0131 da dahil olmak \u00fczere bakteriyostatik etkisinin etkinli\u011fini g\u00f6stermi\u015ftir. \u00d6zellikle kandidiyazis i\u00e7in antifungal bir ajan olarak da kullan\u0131l\u0131r. Ekstrakt ayr\u0131ca u\u00e7uk tedavisinde de etkilidir. Kronik yorgunluk sendromunu hafifletir.<\/p>\n<p>So\u011fuk alg\u0131nl\u0131\u011f\u0131 ve gribin ilk belirtilerinde antibiyotikler i\u015fe yaramaz. Bu d\u00f6nemde sa\u011fl\u0131\u011f\u0131 iyile\u015ftirmek ve h\u0131zl\u0131 bir iyile\u015fme sa\u011flamak i\u00e7in NSP&#8217;den &#8220;Zeytin Yapra\u011f\u0131 Ekstresi&#8221; besin takviyesi al\u0131nmas\u0131 \u00f6nerilir. Antiviral etkisi iki a\u015famaya ayr\u0131l\u0131r: vir\u00fcs \u00e7o\u011falmas\u0131n\u0131n bozulmas\u0131 ve ba\u011f\u0131\u015f\u0131kl\u0131k savunmas\u0131n\u0131 etkinle\u015ftirmek i\u00e7in v\u00fccut taraf\u0131ndan imm\u00fcnokompetan h\u00fccrelerin \u00fcretiminin te\u015fvik edilmesi.<\/p>\n<p>NSP&#8217;den Do\u011fal &#8220;Zeytin Yapra\u011f\u0131 Ekstresi&#8221; 12 ya\u015f\u0131ndan itibaren di\u015f etlerini, t\u0131rnak plakalar\u0131n\u0131, sa\u00e7lar\u0131 g\u00fc\u00e7lendirmek, cilt yap\u0131s\u0131n\u0131 ve g\u00f6r\u00fcn\u00fcm\u00fcn\u00fc iyile\u015ftirmek ve ayr\u0131ca artrit, kolelitiazis, kolit, prostatit, ateroskleroz, hipertansiyon dahil olmak \u00fczere lokomotif sistemin enflamatuar hastal\u0131klar\u0131n\u0131 tedavi etmek i\u00e7in \u00f6nleyici, imm\u00fcnomod\u00fclat\u00f6r bir ila\u00e7 olarak kullan\u0131l\u0131r. Ayr\u0131ca zeytin yapra\u011f\u0131 \u00f6z\u00fc, kur\u015funun v\u00fccutta oyalanmas\u0131na izin vermez ve baz\u0131 zehirlerin etkilerini ortadan kald\u0131r\u0131r.<\/p>\n<p><strong>\u00dcr\u00fcn kodu<\/strong>: <span data-sanitized-data-mce-fragment=\"1\">204 <\/span><strong>Kategori <\/strong>: G\u0131da Takviyeleri <strong>Se\u00e7ilen \u00fcr\u00fcnler: <\/strong>\u015eimdi stokta<\/p>\n<p><span style=\"text-decoration: underline; color: #467149;\"><strong>\u0130\u00e7indekiler<\/strong><\/span><\/p>\n<p style=\"padding-left: 30px;\"><strong>\u0130\u00e7erik (1 kaps\u00fcl): <\/strong>Zeytin yapra\u011f\u0131 (Olea europaea) &#8211; 420 mg<\/p>\n<p><strong>\u0130naktif Bile\u015fenler: <\/strong>sel\u00fcloz, magnezyum stearat, maltodekstrin, jelatin.<\/p>\n<p><span style=\"text-decoration: underline; color: #456e48;\"><strong>Kullan\u0131m<\/strong><\/span><\/p>\n<p style=\"padding-left: 30px;\">Yeti\u015fkinler i\u00e7in, yemekle birlikte g\u00fcnde bir ila \u00fc\u00e7 kaps\u00fcl. Kullan\u0131m s\u00fcresi bir ayd\u0131r.<\/p>\n<p><strong>Kontrendikasyonlar<\/strong>: ki\u015fisel intolerans, hamilelik ve emzirme.<\/p>\n<\/div>\r\n            <\/div>\r\n        <\/div>\r\n\r\n\n","protected":false},"excerpt":{"rendered":"<div class=\"woocommerce-product-details__short-description\">\n<ul>\n<li>Zeytin Yapra\u011f\u0131 Ekstrakt\u0131 i\u00e7erir.<\/li>\n<li>Takviye edici g\u0131dad\u0131r.<\/li>\n<\/ul>\n<\/div>\n","protected":false},"featured_media":7987,"template":"","meta":{"_acf_changed":false},"product_cat":[397],"product_tag":[],"class_list":{"0":"post-8060","1":"product","2":"type-product","3":"status-publish","4":"has-post-thumbnail","6":"product_cat-heath","7":"pa_body-systems-bagisiklik-ve-lenfatik","8":"pa_body-systems-idrar","9":"pa_body-systems-kardiyovaskuler","10":"pa_body-systems-metabolizma","11":"pa_body-systems-sindirim-sistemi","12":"pa_body-systems-solunum","13":"pa_health-topics-bagisiklik","14":"pa_health-topics-detoks-ve-arinma","15":"pa_health-topics-enflamasyon-ve-agri","16":"pa_health-topics-hafiza-ve-beyin","17":"pa_health-topics-kalp-sagligi","18":"pa_health-topics-sindirim","19":"pa_product-categories-adaptogenler","20":"pa_product-categories-antibakteriyeller","21":"pa_product-categories-antifungal-tr","22":"pa_product-categories-antiparaziter","23":"pa_product-categories-antiviraller","25":"first","26":"instock","27":"sale","28":"shipping-taxable","29":"purchasable","30":"product-type-simple"},"acf":[],"yoast_head":"<!-- This site is optimized with the Yoast SEO plugin v22.3 - https:\/\/yoast.com\/wordpress\/plugins\/seo\/ -->\n<title>Zeytin Yapra\u011f\u0131 NSP | Dietary Supplements<\/title>\n<meta name=\"description\" content=\"Zeytin Yapra\u011f\u0131 NSP: Herpes ve influenza dahil olmak \u00fczere antiviral aktiviteye sahiptir. Antiparazitik ve antifungal etkilere sahiptir. Dola\u015f\u0131m \u00fczerinde olumlu bir etkiye sahiptir\" \/>\n<meta name=\"robots\" content=\"index, follow, max-snippet:-1, max-image-preview:large, max-video-preview:-1\" \/>\n<link rel=\"canonical\" href=\"https:\/\/nspshop.net\/tr\/urun\/zeytin-yapragi-nsp\/\" \/>\n<meta property=\"og:locale\" content=\"tr_TR\" \/>\n<meta property=\"og:type\" content=\"article\" \/>\n<meta property=\"og:title\" content=\"Zeytin Yapra\u011f\u0131 NSP | Dietary Supplements\" \/>\n<meta property=\"og:description\" content=\"Zeytin Yapra\u011f\u0131 NSP: Herpes ve influenza dahil olmak \u00fczere antiviral aktiviteye sahiptir. Antiparazitik ve antifungal etkilere sahiptir. Dola\u015f\u0131m \u00fczerinde olumlu bir etkiye sahiptir\" \/>\n<meta property=\"og:url\" content=\"https:\/\/nspshop.net\/tr\/urun\/zeytin-yapragi-nsp\/\" \/>\n<meta property=\"og:site_name\" content=\"Dietary Supplements\" \/>\n<meta property=\"article:modified_time\" content=\"2024-03-31T08:08:21+00:00\" \/>\n<meta property=\"og:image\" content=\"https:\/\/nspshop.net\/wp-content\/uploads\/2023\/06\/Olive_Leaf.webp\" \/>\n\t<meta property=\"og:image:width\" content=\"1350\" \/>\n\t<meta property=\"og:image:height\" content=\"1350\" \/>\n\t<meta property=\"og:image:type\" content=\"image\/webp\" \/>\n<meta name=\"twitter:card\" content=\"summary_large_image\" \/>\n<meta name=\"twitter:label1\" content=\"Tahmini okuma s\u00fcresi\" \/>\n\t<meta name=\"twitter:data1\" content=\"1 dakika\" \/>\n<script type=\"application\/ld+json\" class=\"yoast-schema-graph\">{\"@context\":\"https:\/\/schema.org\",\"@graph\":[{\"@type\":\"WebPage\",\"@id\":\"https:\/\/nspshop.net\/tr\/urun\/zeytin-yapragi-nsp\/\",\"url\":\"https:\/\/nspshop.net\/tr\/urun\/zeytin-yapragi-nsp\/\",\"name\":\"Zeytin Yapra\u011f\u0131 NSP | Dietary Supplements\",\"isPartOf\":{\"@id\":\"https:\/\/nspshop.net\/#website\"},\"primaryImageOfPage\":{\"@id\":\"https:\/\/nspshop.net\/tr\/urun\/zeytin-yapragi-nsp\/#primaryimage\"},\"image\":{\"@id\":\"https:\/\/nspshop.net\/tr\/urun\/zeytin-yapragi-nsp\/#primaryimage\"},\"thumbnailUrl\":\"https:\/\/nspshop.net\/wp-content\/uploads\/2023\/06\/Olive_Leaf.webp\",\"datePublished\":\"2023-06-04T17:48:47+00:00\",\"dateModified\":\"2024-03-31T08:08:21+00:00\",\"description\":\"Zeytin Yapra\u011f\u0131 NSP: Herpes ve influenza dahil olmak \u00fczere antiviral aktiviteye sahiptir. Antiparazitik ve antifungal etkilere sahiptir. Dola\u015f\u0131m \u00fczerinde olumlu bir etkiye sahiptir\",\"breadcrumb\":{\"@id\":\"https:\/\/nspshop.net\/tr\/urun\/zeytin-yapragi-nsp\/#breadcrumb\"},\"inLanguage\":\"tr\",\"potentialAction\":[{\"@type\":\"ReadAction\",\"target\":[\"https:\/\/nspshop.net\/tr\/urun\/zeytin-yapragi-nsp\/\"]}]},{\"@type\":\"ImageObject\",\"inLanguage\":\"tr\",\"@id\":\"https:\/\/nspshop.net\/tr\/urun\/zeytin-yapragi-nsp\/#primaryimage\",\"url\":\"https:\/\/nspshop.net\/wp-content\/uploads\/2023\/06\/Olive_Leaf.webp\",\"contentUrl\":\"https:\/\/nspshop.net\/wp-content\/uploads\/2023\/06\/Olive_Leaf.webp\",\"width\":1350,\"height\":1350,\"caption\":\"Olive Leaf NSP\"},{\"@type\":\"BreadcrumbList\",\"@id\":\"https:\/\/nspshop.net\/tr\/urun\/zeytin-yapragi-nsp\/#breadcrumb\",\"itemListElement\":[{\"@type\":\"ListItem\",\"position\":1,\"name\":\"\u0413\u043b\u0430\u0432\u043d\u0430\u044f \u0441\u0442\u0440\u0430\u043d\u0438\u0446\u0430\",\"item\":\"https:\/\/nspshop.net\/\"},{\"@type\":\"ListItem\",\"position\":2,\"name\":\"D\u00fckk\u00e2n\",\"item\":\"https:\/\/nspshop.net\/tr\/shop\/\"},{\"@type\":\"ListItem\",\"position\":3,\"name\":\"Zeytin Yapra\u011f\u0131 NSP\"}]},{\"@type\":\"WebSite\",\"@id\":\"https:\/\/nspshop.net\/#website\",\"url\":\"https:\/\/nspshop.net\/\",\"name\":\"Dietary Supplements\",\"description\":\"BuyNSP\",\"publisher\":{\"@id\":\"https:\/\/nspshop.net\/#organization\"},\"potentialAction\":[{\"@type\":\"SearchAction\",\"target\":{\"@type\":\"EntryPoint\",\"urlTemplate\":\"https:\/\/nspshop.net\/?s={search_term_string}\"},\"query-input\":\"required name=search_term_string\"}],\"inLanguage\":\"tr\"},{\"@type\":\"Organization\",\"@id\":\"https:\/\/nspshop.net\/#organization\",\"name\":\"Dietary Supplements\",\"alternateName\":\"BuyNSP\",\"url\":\"https:\/\/nspshop.net\/\",\"logo\":{\"@type\":\"ImageObject\",\"inLanguage\":\"tr\",\"@id\":\"https:\/\/nspshop.net\/#\/schema\/logo\/image\/\",\"url\":\"https:\/\/nspshop.net\/wp-content\/uploads\/2023\/06\/cropped-Logo-NSP.png\",\"contentUrl\":\"https:\/\/nspshop.net\/wp-content\/uploads\/2023\/06\/cropped-Logo-NSP.png\",\"width\":512,\"height\":512,\"caption\":\"Dietary Supplements\"},\"image\":{\"@id\":\"https:\/\/nspshop.net\/#\/schema\/logo\/image\/\"}}]}<\/script>\n<!-- \/ Yoast SEO plugin. -->","yoast_head_json":{"title":"Zeytin Yapra\u011f\u0131 NSP | Dietary Supplements","description":"Zeytin Yapra\u011f\u0131 NSP: Herpes ve influenza dahil olmak \u00fczere antiviral aktiviteye sahiptir. Antiparazitik ve antifungal etkilere sahiptir. Dola\u015f\u0131m \u00fczerinde olumlu bir etkiye sahiptir","robots":{"index":"index","follow":"follow","max-snippet":"max-snippet:-1","max-image-preview":"max-image-preview:large","max-video-preview":"max-video-preview:-1"},"canonical":"https:\/\/nspshop.net\/tr\/urun\/zeytin-yapragi-nsp\/","og_locale":"tr_TR","og_type":"article","og_title":"Zeytin Yapra\u011f\u0131 NSP | Dietary Supplements","og_description":"Zeytin Yapra\u011f\u0131 NSP: Herpes ve influenza dahil olmak \u00fczere antiviral aktiviteye sahiptir. Antiparazitik ve antifungal etkilere sahiptir. Dola\u015f\u0131m \u00fczerinde olumlu bir etkiye sahiptir","og_url":"https:\/\/nspshop.net\/tr\/urun\/zeytin-yapragi-nsp\/","og_site_name":"Dietary Supplements","article_modified_time":"2024-03-31T08:08:21+00:00","og_image":[{"width":1350,"height":1350,"url":"https:\/\/nspshop.net\/wp-content\/uploads\/2023\/06\/Olive_Leaf.webp","type":"image\/webp"}],"twitter_card":"summary_large_image","twitter_misc":{"Tahmini okuma s\u00fcresi":"1 dakika"},"schema":{"@context":"https:\/\/schema.org","@graph":[{"@type":"WebPage","@id":"https:\/\/nspshop.net\/tr\/urun\/zeytin-yapragi-nsp\/","url":"https:\/\/nspshop.net\/tr\/urun\/zeytin-yapragi-nsp\/","name":"Zeytin Yapra\u011f\u0131 NSP | Dietary Supplements","isPartOf":{"@id":"https:\/\/nspshop.net\/#website"},"primaryImageOfPage":{"@id":"https:\/\/nspshop.net\/tr\/urun\/zeytin-yapragi-nsp\/#primaryimage"},"image":{"@id":"https:\/\/nspshop.net\/tr\/urun\/zeytin-yapragi-nsp\/#primaryimage"},"thumbnailUrl":"https:\/\/nspshop.net\/wp-content\/uploads\/2023\/06\/Olive_Leaf.webp","datePublished":"2023-06-04T17:48:47+00:00","dateModified":"2024-03-31T08:08:21+00:00","description":"Zeytin Yapra\u011f\u0131 NSP: Herpes ve influenza dahil olmak \u00fczere antiviral aktiviteye sahiptir. Antiparazitik ve antifungal etkilere sahiptir. Dola\u015f\u0131m \u00fczerinde olumlu bir etkiye sahiptir","breadcrumb":{"@id":"https:\/\/nspshop.net\/tr\/urun\/zeytin-yapragi-nsp\/#breadcrumb"},"inLanguage":"tr","potentialAction":[{"@type":"ReadAction","target":["https:\/\/nspshop.net\/tr\/urun\/zeytin-yapragi-nsp\/"]}]},{"@type":"ImageObject","inLanguage":"tr","@id":"https:\/\/nspshop.net\/tr\/urun\/zeytin-yapragi-nsp\/#primaryimage","url":"https:\/\/nspshop.net\/wp-content\/uploads\/2023\/06\/Olive_Leaf.webp","contentUrl":"https:\/\/nspshop.net\/wp-content\/uploads\/2023\/06\/Olive_Leaf.webp","width":1350,"height":1350,"caption":"Olive Leaf NSP"},{"@type":"BreadcrumbList","@id":"https:\/\/nspshop.net\/tr\/urun\/zeytin-yapragi-nsp\/#breadcrumb","itemListElement":[{"@type":"ListItem","position":1,"name":"\u0413\u043b\u0430\u0432\u043d\u0430\u044f \u0441\u0442\u0440\u0430\u043d\u0438\u0446\u0430","item":"https:\/\/nspshop.net\/"},{"@type":"ListItem","position":2,"name":"D\u00fckk\u00e2n","item":"https:\/\/nspshop.net\/tr\/shop\/"},{"@type":"ListItem","position":3,"name":"Zeytin Yapra\u011f\u0131 NSP"}]},{"@type":"WebSite","@id":"https:\/\/nspshop.net\/#website","url":"https:\/\/nspshop.net\/","name":"Dietary Supplements","description":"BuyNSP","publisher":{"@id":"https:\/\/nspshop.net\/#organization"},"potentialAction":[{"@type":"SearchAction","target":{"@type":"EntryPoint","urlTemplate":"https:\/\/nspshop.net\/?s={search_term_string}"},"query-input":"required name=search_term_string"}],"inLanguage":"tr"},{"@type":"Organization","@id":"https:\/\/nspshop.net\/#organization","name":"Dietary Supplements","alternateName":"BuyNSP","url":"https:\/\/nspshop.net\/","logo":{"@type":"ImageObject","inLanguage":"tr","@id":"https:\/\/nspshop.net\/#\/schema\/logo\/image\/","url":"https:\/\/nspshop.net\/wp-content\/uploads\/2023\/06\/cropped-Logo-NSP.png","contentUrl":"https:\/\/nspshop.net\/wp-content\/uploads\/2023\/06\/cropped-Logo-NSP.png","width":512,"height":512,"caption":"Dietary Supplements"},"image":{"@id":"https:\/\/nspshop.net\/#\/schema\/logo\/image\/"}}]}},"_links":{"self":[{"href":"https:\/\/nspshop.net\/tr\/wp-json\/wp\/v2\/product\/8060","targetHints":{"allow":["GET"]}}],"collection":[{"href":"https:\/\/nspshop.net\/tr\/wp-json\/wp\/v2\/product"}],"about":[{"href":"https:\/\/nspshop.net\/tr\/wp-json\/wp\/v2\/types\/product"}],"wp:featuredmedia":[{"embeddable":true,"href":"https:\/\/nspshop.net\/tr\/wp-json\/wp\/v2\/media\/7987"}],"wp:attachment":[{"href":"https:\/\/nspshop.net\/tr\/wp-json\/wp\/v2\/media?parent=8060"}],"wp:term":[{"taxonomy":"product_cat","embeddable":true,"href":"https:\/\/nspshop.net\/tr\/wp-json\/wp\/v2\/product_cat?post=8060"},{"taxonomy":"product_tag","embeddable":true,"href":"https:\/\/nspshop.net\/tr\/wp-json\/wp\/v2\/product_tag?post=8060"}],"curies":[{"name":"wp","href":"https:\/\/api.w.org\/{rel}","templated":true}]}}