{"id":8061,"date":"2023-06-04T20:34:27","date_gmt":"2023-06-04T17:34:27","guid":{"rendered":"https:\/\/nspshop.net\/product\/cinko-pastil-nsp\/"},"modified":"2024-03-31T11:09:17","modified_gmt":"2024-03-31T08:09:17","slug":"cinko-pastil-nsp","status":"publish","type":"product","link":"https:\/\/nspshop.net\/tr\/urun\/cinko-pastil-nsp\/","title":{"rendered":"\u00c7inko Pastil NSP"},"content":{"rendered":"\r\n        <div class=\"med_worker_introduce_text \">\r\n\r\n            Bu b\u00f6l\u00fcm sadece <span class=\"med_anchor_link\"> <b>Sa\u011fl\u0131k profesyonelleri<\/b> i\u00e7indir<\/span>\r\n\r\n        <\/div>\r\n\r\n        <div class=\"med_worker_popup_wrapper hide\" style=\"background-color: rgba(10,10,10,0.3)\">\r\n            <div class=\"med_worker_popup\" style=\"width:1024px; height:600px;background-color:#ffffff; border-radius: 10px;\">\r\n                <div class=\"med_worker_confirmation\">\r\n                    <span style=\"font-size: 20px\">\r\n                        Sa\u011fl\u0131k profesyoneli misiniz?                    <\/span>\r\n                    <div class=\"med_worker_buttons\">\r\n                        <a href=\"\" class=\"confirm\" style=\"background-color:#0d594e; color: #ffffff;\">Evet<\/a>\r\n                        <a href=\"\" class=\"reject\" style=\"background-color:#bc2b2b; color: #0a0a0a;\">Hay\u0131r<\/a>\r\n                    <\/div>\r\n                <\/div>\r\n                <div class=\"med_worker_decription hide\"><h1>\u00c7inko Pastil NSP<\/h1>\n<p>5.000 y\u0131l \u00f6nce bile M\u0131s\u0131rl\u0131lar yaralar\u0131 iyile\u015ftirmek ve cilt hastal\u0131klar\u0131n\u0131 tedavi etmek i\u00e7in \u00e7inko merhemi kullan\u0131yorlard\u0131. \u00c7inko pastilleri NSP, C vitamini, \u00f6ks\u00fcr\u00fc\u011f\u00fc yat\u0131\u015ft\u0131rmaya yard\u0131mc\u0131 olan meyan k\u00f6k\u00fc ve anti-enflamatuar etkileri art\u0131ran ekinezya i\u00e7eren kompleks bir \u00fcr\u00fcnd\u00fcr.<\/p>\n<p>\u00c7inko 300&#8217;den fazla enzimin bir par\u00e7as\u0131d\u0131r ve yaralar\u0131n iyile\u015fmesini h\u0131zland\u0131ran kolajen ve proteinlerin sentezinden do\u011frudan sorumludur. \u00c7inko, eklemlerin ve ba\u011f dokusunun olu\u015fumu i\u00e7in gereklidir. \u00c7inko i\u00e7eren enzimler RNA ve DNA sentezinde \u00f6nemli bir rol oynar, bu nedenle \u00e7inko eksikli\u011fi b\u00fcy\u00fcme ve h\u00fccre b\u00f6l\u00fcnmesinin yava\u015flamas\u0131na neden olur. \u00c7inko ana antioksidan enzimlerden biridir ve s\u00fcperoksit dismutaz enziminin bir par\u00e7as\u0131d\u0131r. \u00c7inko da ins\u00fclinin bir par\u00e7as\u0131d\u0131r. Kemik olu\u015fumu i\u00e7in gereklidir ve tat ve koku hassasiyetini art\u0131r\u0131r. \u00c7inko eksikli\u011fi oldu\u011funda, g\u00fc\u00e7l\u00fc bir ba\u011f\u0131\u015f\u0131kl\u0131k sistemini korumak imkans\u0131zd\u0131r. \u00c7inko eksikli\u011fi olan ki\u015filerde s\u0131k s\u0131k ve uzun s\u00fcreli enfeksiyon hastal\u0131klar\u0131 g\u00f6r\u00fcl\u00fcr. \u00c7inko, \u00f6nemli bir imm\u00fcnojenik rol oynayan lenfoid dokunun normal aktivitesi i\u00e7in gereklidir. \u00c7inko Pastil NSP karaci\u011feri toksinlerden koruma \u00f6zelli\u011fine sahiptir. \u00c7inko erkek \u00fcreme h\u00fccrelerinin geli\u015fiminde \u00f6nemlidir ve ergenlik \u00fczerinde etkileri vard\u0131r. \u00c7inko eksikli\u011fi iyi huylu prostat hiperplazisine yol a\u00e7ar. \u00c7inko eksikli\u011finde g\u00f6rme keskinli\u011fi azal\u0131r, anemi ve kilo kayb\u0131 geli\u015fir, alerjik dermatit ve kellik ortaya \u00e7\u0131kar.<\/p>\n<p>Ayn\u0131 zamanda \u00e7inkonun di\u011fer biyolojik elementlerle etkile\u015fimi de \u00e7ok \u00f6nemlidir. Organlar\u0131n ve sistemlerin normal i\u015fleyi\u015fini sa\u011flamak i\u00e7in belirli bir oranda (10:1) \u00e7inko ve bak\u0131r gereklidir. Azalan \u00e7inko seviyeleri ishal, b\u00f6brek hastal\u0131\u011f\u0131, siroz ve \u015feker hastal\u0131\u011f\u0131na neden olur. D\u0131\u015fk\u0131da \u00e7inko at\u0131l\u0131m\u0131ndaki art\u0131\u015f, a\u015f\u0131r\u0131 lif al\u0131m\u0131na ba\u011fl\u0131 olabilir. Do\u011fal \u00e7inko kaynaklar\u0131: bira mayas\u0131, k\u0131rm\u0131z\u0131 algler, yumurta sar\u0131s\u0131, bal\u0131k, fasulye, bakla, karaci\u011fer, et, mantar ve istiridye ve karides gibi deniz \u00fcr\u00fcnleri. Yonca, dulavratotu, biber, devedikeni, s\u0131\u011f\u0131rkuyru\u011fu, \u0131s\u0131rgan otu, maydanoz, yabani yer elmas\u0131 ve ku\u015fburnu gibi bitkilerde b\u00fcy\u00fck miktarda \u00e7inko bulunur.<\/p>\n<p>C vitamini, bakteri ve vir\u00fcsleri yok ederek enfeksiyonla sava\u015fan suda \u00e7\u00f6z\u00fcnen \u00f6nemli bir antioksidand\u0131r. Lizozim ve interferon \u00fcretimini aktive eder. Biyoflavonoidlerle birlikte C vitamini, k\u0131lcal damar duvarlar\u0131n\u0131n ve ba\u011f dokusu yap\u0131s\u0131n\u0131n yap\u0131sal b\u00fct\u00fcnl\u00fc\u011f\u00fcn\u00fc sa\u011flar.<\/p>\n<p>Glisin, beyin ve omurilik h\u00fccrelerinde b\u00fcy\u00fck miktarlarda bulunan bir amino asittir. Yat\u0131\u015ft\u0131r\u0131c\u0131 etkisi olan bir n\u00f6rotransmitterdir (ileti\u015fim arac\u0131). Beyin dokular\u0131ndaki metabolik s\u00fcre\u00e7leri d\u00fczenler ve alkol arzusunu zay\u0131flatabilir. Kas distrofileri (kas g\u00fc\u00e7s\u00fczl\u00fc\u011f\u00fc) \u00fczerinde olumlu etkisi vard\u0131r, sinirlili\u011fi azaltabilir ve uykuyu d\u00fczenleyebilir.<\/p>\n<p>Pasl\u0131 karaa\u011fa\u00e7<em>(Ulmus rubra<\/em>) g\u00fc\u00e7l\u00fc bir anti-enflamatuar, yara iyile\u015ftirici etkiye sahiptir. B\u00f6brek ve karaci\u011fer koli\u011fi, eklem a\u011fr\u0131s\u0131, iltihap i\u00e7in kullan\u0131l\u0131r.<\/p>\n<p>Arabinogalaktan, bitkilerde, mantarlarda ve bakterilerde yayg\u0131n olarak bulunan suda \u00e7\u00f6z\u00fcn\u00fcr bir bitki polisakkaritidir. Bu madde, do\u011fal \u00f6ld\u00fcr\u00fcc\u00fc h\u00fccrelerin ve makrofajlar\u0131n aktivitesini uyararak ba\u011f\u0131\u015f\u0131kl\u0131k sistemini destekler.<\/p>\n<p>Guar gum<em>(Cyamopsis tetragonoloba<\/em>) suda \u00e7\u00f6z\u00fcnebilen, ni\u015fasta olmayan bir polisakkarittir (galaktomannan). Ba\u011f\u0131rsaklarda \u015feker ve kolesterol emilimini azaltarak kan \u015fekeri ve kolesterol seviyelerini d\u00fc\u015f\u00fcr\u00fcr. Diyabet ve aterosklerozun (atardamar sertle\u015fmesi) \u00f6nlenmesi ve tedavisinde kullan\u0131l\u0131r.<\/p>\n<p>Ekinezya purpurea (Echinacea<em>purpurea<\/em>), k\u00f6k\u00fcnde bulunan kafeik asit glikozidi ile v\u00fccudun bula\u015f\u0131c\u0131 ve viral enfeksiyonlara kar\u015f\u0131 direncini art\u0131ran ve iyile\u015fmeyi h\u0131zland\u0131ran bir bitkidir. Ekinezya kortizon benzeri bir etkiye sahiptir ve yaralar\u0131n iyile\u015fmesini h\u0131zland\u0131r\u0131r. V\u00fccuttaki l\u00f6kosit say\u0131s\u0131n\u0131 art\u0131r\u0131r, makrofajlar\u0131, gran\u00fclositleri ve T-lenfositleri aktive eder. Baz\u0131 bitki polisakkaritleri interferon \u00fcretiminin artmas\u0131na neden olur. Ekinezya makrofajlar\u0131n aktivitesini art\u0131rarak hastal\u0131\u011f\u0131n ba\u015flamas\u0131n\u0131 \u00f6nleyebilir veya semptomlar\u0131 hafifletebilir. Ekinezya mantar \u00f6ld\u00fcr\u00fcc\u00fc, antiviral ve bakterilere kar\u015f\u0131 antialerjik etkiye sahiptir. Romatizma, poliartrit, prostatit, jinekolojik hastal\u0131klar ve \u00fcst solunum yolu hastal\u0131klar\u0131 gibi iltihapl\u0131 hastal\u0131klarda, \u00e7e\u015fitli yara s\u00fcre\u00e7lerinde (trofik \u00fclserler, osteomiyelit) ve mikrobik egzamada etkilidir.<\/p>\n<p>Meyan k\u00f6k\u00fc<em>(Glycurrrhiza glabra<\/em>) yat\u0131\u015ft\u0131r\u0131c\u0131, balgam s\u00f6kt\u00fcr\u00fcc\u00fc ve hafif m\u00fcshil etkisine sahiptir. Saponinler salg\u0131y\u0131 uyar\u0131r, yo\u011funlu\u011fu azalt\u0131r, akci\u011fer ve bron\u015fiyal balgam\u0131 giderir. Bu nedenle meyan k\u00f6k\u00fc, \u00f6ks\u00fcr\u00fc\u011f\u00fcn e\u015flik etti\u011fi akci\u011fer hastal\u0131klar\u0131 i\u00e7in balgam s\u00f6kt\u00fcr\u00fcc\u00fc \u015furuplara dahil edilir. Biyoflavonoidlerin etkisi ile ili\u015fkili bir anti-enflamatuar ve antispazmodik ajan olarak kullan\u0131l\u0131r.<\/p>\n<p><strong>\u00dcr\u00fcn kodu<\/strong>: <span data-sanitized-data-mce-fragment=\"1\">1596 <\/span><strong> Kategori <\/strong>: G\u0131da Takviyeleri <strong>Se\u00e7ilen \u00fcr\u00fcnler: <\/strong>\u015eimdi stokta<\/p>\n<p><span style=\"text-decoration: underline; color: #42694a;\"><strong>\u0130\u00e7indekiler<\/strong><\/span><\/p>\n<p style=\"padding-left: 30px;\">\u00c7inko i\u00e7eren pastiller ek bir C vitamini ve \u00e7inko kayna\u011f\u0131d\u0131r.<\/p>\n<p><strong>\u0130\u00e7erik (<\/strong>1 pastil): \u00e7inko (\u00e7inko asetat ile) &#8211; 5 mg (normal t\u00fcketim miktar\u0131n\u0131n (NTM) %41,7&#8217;si); fruktoz &#8211; 410 mg (NTM&#8217;nin %1,17&#8217;si); ksilitol &#8211; 150 mg (NTM&#8217;nin %1&#8217;i); maltodekstrin &#8211; 242.4 mg; C Vitamini (askorbik asit, sodyum askorbat) &#8211; 100 mg (NTM&#8217;nin %11&#8217;i); glisin &#8211; 75 mg (NTM&#8217;nin %3&#8217;\u00fc); pasl\u0131 karaa\u011fa\u00e7 kabu\u011fu (Ulmus rubra) &#8211; 25 mg; arabinogalaktan (Cyamopsis tetragonoloba) &#8211; 15 mg; guar sak\u0131z\u0131 &#8211; 20 mg; Ekinezya k\u00f6k\u00fc (Echinacea purpurea) &#8211; 10 mg; meyan k\u00f6k\u00fc ekstresi (Glycurrrhiza glabra) &#8211; 5 mg.<\/p>\n<p><strong>\u0130naktif Bile\u015fenler:<\/strong> Sel\u00fcloz, s\u00fct \u00fcr\u00fcn\u00fc olmayan renklendirici (ay\u00e7i\u00e7ek ya\u011f\u0131 renklendirici, kalsiyum kazeinat, dikalsiyum fosfat, maltodekstrin), stearik asit, portakal aromas\u0131, \u015feftali aromas\u0131, magnezyum stearat (bitkisel), silikon dioksit, okalipt\u00fcs yapra\u011f\u0131 ya\u011f\u0131, L-mentol ve nane ya\u011f\u0131.<\/p>\n<p><span style=\"text-decoration: underline; color: #497652;\"><strong>Kullan\u0131m<\/strong><\/span><\/p>\n<p style=\"padding-left: 30px;\">Yeti\u015fkinler i\u00e7in yemekle birlikte g\u00fcnde bir ila iki pastil. Kullan\u0131m s\u00fcresi bir ayd\u0131r.<\/p>\n<p><strong>Contraindications:<\/strong> personal intolerance, pregnancy, and lactation.<\/p>\n<\/div>\r\n            <\/div>\r\n        <\/div>\r\n\r\n\n","protected":false},"excerpt":{"rendered":"<ul>\n<li>\u00c7inko i\u00e7erir<\/li>\n<li>Takviye Edici G\u0131dad\u0131r<\/li>\n<\/ul>\n","protected":false},"featured_media":7993,"template":"","meta":{"_acf_changed":false},"product_cat":[397],"product_tag":[],"class_list":{"0":"post-8061","1":"product","2":"type-product","3":"status-publish","4":"has-post-thumbnail","6":"product_cat-heath","7":"pa_body-systems-bagisiklik-ve-lenfatik","8":"pa_body-systems-endokrin-tr","9":"pa_body-systems-erkek-ureme","10":"pa_body-systems-hematopoez","11":"pa_health-topics-bagisiklik","12":"pa_health-topics-cocuk-sagligi","13":"pa_health-topics-erkek-sagligi","14":"pa_health-topics-sac-cilt-tirnaklar","15":"pa_product-categories-antioxidants-tr","16":"pa_product-categories-nutrasotikler","18":"first","19":"instock","20":"sale","21":"shipping-taxable","22":"purchasable","23":"product-type-simple"},"acf":[],"yoast_head":"<!-- This site is optimized with the Yoast SEO plugin v22.3 - https:\/\/yoast.com\/wordpress\/plugins\/seo\/ -->\n<title>\u00c7inko Pastil NSP | Dietary Supplements<\/title>\n<meta name=\"description\" content=\"\u00c7inko Pastil NSP: Bula\u015f\u0131c\u0131 hastal\u0131klar\u0131n \u00f6nlenmesine yard\u0131mc\u0131 olur. Rejenerasyonu aktive eder ve yara iyile\u015fmesini destekler. Erkek \u00fcreme sa\u011fl\u0131\u011f\u0131n\u0131n ve ergenli\u011fin d\u00fczenlenmesine yard\u0131mc\u0131 olur\" \/>\n<meta name=\"robots\" content=\"index, follow, max-snippet:-1, max-image-preview:large, max-video-preview:-1\" \/>\n<link rel=\"canonical\" href=\"https:\/\/nspshop.net\/tr\/urun\/cinko-pastil-nsp\/\" \/>\n<meta property=\"og:locale\" content=\"tr_TR\" \/>\n<meta property=\"og:type\" content=\"article\" \/>\n<meta property=\"og:title\" content=\"\u00c7inko Pastil NSP | Dietary Supplements\" \/>\n<meta property=\"og:description\" content=\"\u00c7inko Pastil NSP: Bula\u015f\u0131c\u0131 hastal\u0131klar\u0131n \u00f6nlenmesine yard\u0131mc\u0131 olur. Rejenerasyonu aktive eder ve yara iyile\u015fmesini destekler. Erkek \u00fcreme sa\u011fl\u0131\u011f\u0131n\u0131n ve ergenli\u011fin d\u00fczenlenmesine yard\u0131mc\u0131 olur\" \/>\n<meta property=\"og:url\" content=\"https:\/\/nspshop.net\/tr\/urun\/cinko-pastil-nsp\/\" \/>\n<meta property=\"og:site_name\" content=\"Dietary Supplements\" \/>\n<meta property=\"article:modified_time\" content=\"2024-03-31T08:09:17+00:00\" \/>\n<meta property=\"og:image\" content=\"https:\/\/nspshop.net\/wp-content\/uploads\/2023\/06\/Zinc_Lozenges.webp\" \/>\n\t<meta property=\"og:image:width\" content=\"1350\" \/>\n\t<meta property=\"og:image:height\" content=\"1350\" \/>\n\t<meta property=\"og:image:type\" content=\"image\/webp\" \/>\n<meta name=\"twitter:card\" content=\"summary_large_image\" \/>\n<meta name=\"twitter:label1\" content=\"Tahmini okuma s\u00fcresi\" \/>\n\t<meta name=\"twitter:data1\" content=\"1 dakika\" \/>\n<script type=\"application\/ld+json\" class=\"yoast-schema-graph\">{\"@context\":\"https:\/\/schema.org\",\"@graph\":[{\"@type\":\"WebPage\",\"@id\":\"https:\/\/nspshop.net\/tr\/urun\/cinko-pastil-nsp\/\",\"url\":\"https:\/\/nspshop.net\/tr\/urun\/cinko-pastil-nsp\/\",\"name\":\"\u00c7inko Pastil NSP | Dietary Supplements\",\"isPartOf\":{\"@id\":\"https:\/\/nspshop.net\/#website\"},\"primaryImageOfPage\":{\"@id\":\"https:\/\/nspshop.net\/tr\/urun\/cinko-pastil-nsp\/#primaryimage\"},\"image\":{\"@id\":\"https:\/\/nspshop.net\/tr\/urun\/cinko-pastil-nsp\/#primaryimage\"},\"thumbnailUrl\":\"https:\/\/nspshop.net\/wp-content\/uploads\/2023\/06\/Zinc_Lozenges.webp\",\"datePublished\":\"2023-06-04T17:34:27+00:00\",\"dateModified\":\"2024-03-31T08:09:17+00:00\",\"description\":\"\u00c7inko Pastil NSP: Bula\u015f\u0131c\u0131 hastal\u0131klar\u0131n \u00f6nlenmesine yard\u0131mc\u0131 olur. Rejenerasyonu aktive eder ve yara iyile\u015fmesini destekler. Erkek \u00fcreme sa\u011fl\u0131\u011f\u0131n\u0131n ve ergenli\u011fin d\u00fczenlenmesine yard\u0131mc\u0131 olur\",\"breadcrumb\":{\"@id\":\"https:\/\/nspshop.net\/tr\/urun\/cinko-pastil-nsp\/#breadcrumb\"},\"inLanguage\":\"tr\",\"potentialAction\":[{\"@type\":\"ReadAction\",\"target\":[\"https:\/\/nspshop.net\/tr\/urun\/cinko-pastil-nsp\/\"]}]},{\"@type\":\"ImageObject\",\"inLanguage\":\"tr\",\"@id\":\"https:\/\/nspshop.net\/tr\/urun\/cinko-pastil-nsp\/#primaryimage\",\"url\":\"https:\/\/nspshop.net\/wp-content\/uploads\/2023\/06\/Zinc_Lozenges.webp\",\"contentUrl\":\"https:\/\/nspshop.net\/wp-content\/uploads\/2023\/06\/Zinc_Lozenges.webp\",\"width\":1350,\"height\":1350,\"caption\":\"Zinc Lozenges NSP\"},{\"@type\":\"BreadcrumbList\",\"@id\":\"https:\/\/nspshop.net\/tr\/urun\/cinko-pastil-nsp\/#breadcrumb\",\"itemListElement\":[{\"@type\":\"ListItem\",\"position\":1,\"name\":\"\u0413\u043b\u0430\u0432\u043d\u0430\u044f \u0441\u0442\u0440\u0430\u043d\u0438\u0446\u0430\",\"item\":\"https:\/\/nspshop.net\/\"},{\"@type\":\"ListItem\",\"position\":2,\"name\":\"D\u00fckk\u00e2n\",\"item\":\"https:\/\/nspshop.net\/tr\/shop\/\"},{\"@type\":\"ListItem\",\"position\":3,\"name\":\"\u00c7inko Pastil NSP\"}]},{\"@type\":\"WebSite\",\"@id\":\"https:\/\/nspshop.net\/#website\",\"url\":\"https:\/\/nspshop.net\/\",\"name\":\"Dietary Supplements\",\"description\":\"BuyNSP\",\"publisher\":{\"@id\":\"https:\/\/nspshop.net\/#organization\"},\"potentialAction\":[{\"@type\":\"SearchAction\",\"target\":{\"@type\":\"EntryPoint\",\"urlTemplate\":\"https:\/\/nspshop.net\/?s={search_term_string}\"},\"query-input\":\"required name=search_term_string\"}],\"inLanguage\":\"tr\"},{\"@type\":\"Organization\",\"@id\":\"https:\/\/nspshop.net\/#organization\",\"name\":\"Dietary Supplements\",\"alternateName\":\"BuyNSP\",\"url\":\"https:\/\/nspshop.net\/\",\"logo\":{\"@type\":\"ImageObject\",\"inLanguage\":\"tr\",\"@id\":\"https:\/\/nspshop.net\/#\/schema\/logo\/image\/\",\"url\":\"https:\/\/nspshop.net\/wp-content\/uploads\/2023\/06\/cropped-Logo-NSP.png\",\"contentUrl\":\"https:\/\/nspshop.net\/wp-content\/uploads\/2023\/06\/cropped-Logo-NSP.png\",\"width\":512,\"height\":512,\"caption\":\"Dietary Supplements\"},\"image\":{\"@id\":\"https:\/\/nspshop.net\/#\/schema\/logo\/image\/\"}}]}<\/script>\n<!-- \/ Yoast SEO plugin. -->","yoast_head_json":{"title":"\u00c7inko Pastil NSP | Dietary Supplements","description":"\u00c7inko Pastil NSP: Bula\u015f\u0131c\u0131 hastal\u0131klar\u0131n \u00f6nlenmesine yard\u0131mc\u0131 olur. Rejenerasyonu aktive eder ve yara iyile\u015fmesini destekler. Erkek \u00fcreme sa\u011fl\u0131\u011f\u0131n\u0131n ve ergenli\u011fin d\u00fczenlenmesine yard\u0131mc\u0131 olur","robots":{"index":"index","follow":"follow","max-snippet":"max-snippet:-1","max-image-preview":"max-image-preview:large","max-video-preview":"max-video-preview:-1"},"canonical":"https:\/\/nspshop.net\/tr\/urun\/cinko-pastil-nsp\/","og_locale":"tr_TR","og_type":"article","og_title":"\u00c7inko Pastil NSP | Dietary Supplements","og_description":"\u00c7inko Pastil NSP: Bula\u015f\u0131c\u0131 hastal\u0131klar\u0131n \u00f6nlenmesine yard\u0131mc\u0131 olur. Rejenerasyonu aktive eder ve yara iyile\u015fmesini destekler. Erkek \u00fcreme sa\u011fl\u0131\u011f\u0131n\u0131n ve ergenli\u011fin d\u00fczenlenmesine yard\u0131mc\u0131 olur","og_url":"https:\/\/nspshop.net\/tr\/urun\/cinko-pastil-nsp\/","og_site_name":"Dietary Supplements","article_modified_time":"2024-03-31T08:09:17+00:00","og_image":[{"width":1350,"height":1350,"url":"https:\/\/nspshop.net\/wp-content\/uploads\/2023\/06\/Zinc_Lozenges.webp","type":"image\/webp"}],"twitter_card":"summary_large_image","twitter_misc":{"Tahmini okuma s\u00fcresi":"1 dakika"},"schema":{"@context":"https:\/\/schema.org","@graph":[{"@type":"WebPage","@id":"https:\/\/nspshop.net\/tr\/urun\/cinko-pastil-nsp\/","url":"https:\/\/nspshop.net\/tr\/urun\/cinko-pastil-nsp\/","name":"\u00c7inko Pastil NSP | Dietary Supplements","isPartOf":{"@id":"https:\/\/nspshop.net\/#website"},"primaryImageOfPage":{"@id":"https:\/\/nspshop.net\/tr\/urun\/cinko-pastil-nsp\/#primaryimage"},"image":{"@id":"https:\/\/nspshop.net\/tr\/urun\/cinko-pastil-nsp\/#primaryimage"},"thumbnailUrl":"https:\/\/nspshop.net\/wp-content\/uploads\/2023\/06\/Zinc_Lozenges.webp","datePublished":"2023-06-04T17:34:27+00:00","dateModified":"2024-03-31T08:09:17+00:00","description":"\u00c7inko Pastil NSP: Bula\u015f\u0131c\u0131 hastal\u0131klar\u0131n \u00f6nlenmesine yard\u0131mc\u0131 olur. Rejenerasyonu aktive eder ve yara iyile\u015fmesini destekler. Erkek \u00fcreme sa\u011fl\u0131\u011f\u0131n\u0131n ve ergenli\u011fin d\u00fczenlenmesine yard\u0131mc\u0131 olur","breadcrumb":{"@id":"https:\/\/nspshop.net\/tr\/urun\/cinko-pastil-nsp\/#breadcrumb"},"inLanguage":"tr","potentialAction":[{"@type":"ReadAction","target":["https:\/\/nspshop.net\/tr\/urun\/cinko-pastil-nsp\/"]}]},{"@type":"ImageObject","inLanguage":"tr","@id":"https:\/\/nspshop.net\/tr\/urun\/cinko-pastil-nsp\/#primaryimage","url":"https:\/\/nspshop.net\/wp-content\/uploads\/2023\/06\/Zinc_Lozenges.webp","contentUrl":"https:\/\/nspshop.net\/wp-content\/uploads\/2023\/06\/Zinc_Lozenges.webp","width":1350,"height":1350,"caption":"Zinc Lozenges NSP"},{"@type":"BreadcrumbList","@id":"https:\/\/nspshop.net\/tr\/urun\/cinko-pastil-nsp\/#breadcrumb","itemListElement":[{"@type":"ListItem","position":1,"name":"\u0413\u043b\u0430\u0432\u043d\u0430\u044f \u0441\u0442\u0440\u0430\u043d\u0438\u0446\u0430","item":"https:\/\/nspshop.net\/"},{"@type":"ListItem","position":2,"name":"D\u00fckk\u00e2n","item":"https:\/\/nspshop.net\/tr\/shop\/"},{"@type":"ListItem","position":3,"name":"\u00c7inko Pastil NSP"}]},{"@type":"WebSite","@id":"https:\/\/nspshop.net\/#website","url":"https:\/\/nspshop.net\/","name":"Dietary Supplements","description":"BuyNSP","publisher":{"@id":"https:\/\/nspshop.net\/#organization"},"potentialAction":[{"@type":"SearchAction","target":{"@type":"EntryPoint","urlTemplate":"https:\/\/nspshop.net\/?s={search_term_string}"},"query-input":"required name=search_term_string"}],"inLanguage":"tr"},{"@type":"Organization","@id":"https:\/\/nspshop.net\/#organization","name":"Dietary Supplements","alternateName":"BuyNSP","url":"https:\/\/nspshop.net\/","logo":{"@type":"ImageObject","inLanguage":"tr","@id":"https:\/\/nspshop.net\/#\/schema\/logo\/image\/","url":"https:\/\/nspshop.net\/wp-content\/uploads\/2023\/06\/cropped-Logo-NSP.png","contentUrl":"https:\/\/nspshop.net\/wp-content\/uploads\/2023\/06\/cropped-Logo-NSP.png","width":512,"height":512,"caption":"Dietary Supplements"},"image":{"@id":"https:\/\/nspshop.net\/#\/schema\/logo\/image\/"}}]}},"_links":{"self":[{"href":"https:\/\/nspshop.net\/tr\/wp-json\/wp\/v2\/product\/8061","targetHints":{"allow":["GET"]}}],"collection":[{"href":"https:\/\/nspshop.net\/tr\/wp-json\/wp\/v2\/product"}],"about":[{"href":"https:\/\/nspshop.net\/tr\/wp-json\/wp\/v2\/types\/product"}],"wp:featuredmedia":[{"embeddable":true,"href":"https:\/\/nspshop.net\/tr\/wp-json\/wp\/v2\/media\/7993"}],"wp:attachment":[{"href":"https:\/\/nspshop.net\/tr\/wp-json\/wp\/v2\/media?parent=8061"}],"wp:term":[{"taxonomy":"product_cat","embeddable":true,"href":"https:\/\/nspshop.net\/tr\/wp-json\/wp\/v2\/product_cat?post=8061"},{"taxonomy":"product_tag","embeddable":true,"href":"https:\/\/nspshop.net\/tr\/wp-json\/wp\/v2\/product_tag?post=8061"}],"curies":[{"name":"wp","href":"https:\/\/api.w.org\/{rel}","templated":true}]}}