{"id":8062,"date":"2023-06-04T20:28:42","date_gmt":"2023-06-04T17:28:42","guid":{"rendered":"https:\/\/nspshop.net\/product\/msm-nsp\/"},"modified":"2024-03-31T11:10:04","modified_gmt":"2024-03-31T08:10:04","slug":"msm-nsp","status":"publish","type":"product","link":"https:\/\/nspshop.net\/tr\/urun\/msm-nsp\/","title":{"rendered":"MSM NSP"},"content":{"rendered":"\r\n        <div class=\"med_worker_introduce_text \">\r\n\r\n            Bu b\u00f6l\u00fcm sadece <span class=\"med_anchor_link\"> <b>Sa\u011fl\u0131k profesyonelleri<\/b> i\u00e7indir<\/span>\r\n\r\n        <\/div>\r\n\r\n        <div class=\"med_worker_popup_wrapper hide\" style=\"background-color: rgba(10,10,10,0.3)\">\r\n            <div class=\"med_worker_popup\" style=\"width:1024px; height:600px;background-color:#ffffff; border-radius: 10px;\">\r\n                <div class=\"med_worker_confirmation\">\r\n                    <span style=\"font-size: 20px\">\r\n                        Sa\u011fl\u0131k profesyoneli misiniz?                    <\/span>\r\n                    <div class=\"med_worker_buttons\">\r\n                        <a href=\"\" class=\"confirm\" style=\"background-color:#0d594e; color: #ffffff;\">Evet<\/a>\r\n                        <a href=\"\" class=\"reject\" style=\"background-color:#bc2b2b; color: #0a0a0a;\">Hay\u0131r<\/a>\r\n                    <\/div>\r\n                <\/div>\r\n                <div class=\"med_worker_decription hide\"><h1>MSM NSP<\/h1>\n<p>K\u00fck\u00fcrt, t\u00fcm canl\u0131 organizmalarda bulunan bir elementtir. S\u00fclf\u00fcr insan v\u00fccudunda yeri doldurulamaz bir rol oynar, s\u00fclf\u00fcr i\u00e7eren amino asitlerin (metiyonin ve sistein) bir par\u00e7as\u0131d\u0131r ve proteinlerin (kolajen dahil) bir bile\u015fenidir. K\u00fck\u00fcrt, bir\u00e7ok d\u00fczenleyici maddede (hormonlar, enzimler, vitaminler) temel bir bile\u015fendir. S\u00fclf\u00fcr, imm\u00fcnoglobulinlerin olu\u015fumunda ve v\u00fccudun ba\u011f\u0131\u015f\u0131kl\u0131k savunmas\u0131n\u0131n olu\u015fumunda rol oynar. V\u00fccudun detoksifikasyon sisteminin tam olarak \u00e7al\u0131\u015fmas\u0131, toksinlerin n\u00f6tralize edilmesine ve v\u00fccuttan at\u0131lmas\u0131na yard\u0131mc\u0131 olan yeterli s\u00fclf\u00fcr kayna\u011f\u0131 olmadan m\u00fcmk\u00fcn de\u011fildir. S\u00fclf\u00fcr, neredeyse t\u00fcm organ ve dokular\u0131n ba\u011f dokusunun (glukozamin ve kondroitin s\u00fclfatlar) bir par\u00e7as\u0131d\u0131r. Sa\u00e7 ve t\u0131rnaklar\u0131n uzamas\u0131n\u0131 sa\u011flayan keratin sentezi i\u00e7in gereklidir. Bu nedenle s\u00fclf\u00fcr eklem s\u0131v\u0131s\u0131 \u00fcretimini uyar\u0131r, eklem hareketlili\u011fini ve ba\u011f g\u00fcc\u00fcn\u00fc art\u0131r\u0131r, n\u00f6bet ve eklem iltihab\u0131 riskini azalt\u0131r ve travmatik a\u011fr\u0131y\u0131 azalt\u0131r.<\/p>\n<p>Aktif i\u00e7erik<br \/>\nMSM<em>(metils\u00fclfonilmetan<\/em>) s\u00fclf\u00fcr i\u00e7eren organik bir \u00fcr\u00fcnd\u00fcr. Biyolojik olarak kullan\u0131labilir bir diyet s\u00fclf\u00fcr kayna\u011f\u0131d\u0131r. MSM \u00e7o\u011fu do\u011fal hayvansal ve bitkisel g\u0131dada bulunur, ancak depolama ve i\u015fleme s\u0131ras\u0131nda kaybolur. Bunlar aras\u0131nda en zenginleri so\u011fan, lahana ve turpgiller ailesinin di\u011fer temsilcileri, hardal, yaban turpu, baklagillerdir. MSM en az toksik maddelerden biridir ve genellikle ila\u00e7larda ve koruyucularda (s\u00fclfatlar, s\u00fclfitler ve di\u011fer s\u00fclf\u00fcr bile\u015fikleri) bulunan di\u011fer s\u00fclf\u00fcr bile\u015fiklerinin aksine, MSM sadece alerjik reaksiyonlara neden olmaz, ayn\u0131 zamanda anti-alerjik bir etkiye sahiptir. Ayr\u0131ca, hem ev hem de g\u0131da ve ila\u00e7 alerjenleriyle ili\u015fkili alerjiler i\u00e7in olumlu bir etki kaydedilmi\u015ftir. MSM, patojenlerin mukoza ile temas\u0131n\u0131 engelleyerek G. lamblia, trichomonas ve yuvarlak kurtlar gibi bir dizi parazite kar\u015f\u0131 aktiftir.<\/p>\n<p>V\u00fccuttaki s\u00fclf\u00fcr rezervlerinin s\u00fcrekli olarak yenilenmesi, ba\u011f dokusunun b\u00fct\u00fcnl\u00fc\u011f\u00fcn\u00fc korumak i\u00e7in gereklidir. MSM&#8217;nin etki y\u00f6n\u00fc s\u00fclf\u00fcr\u00fcn etkisinden kaynaklanmaktad\u0131r:<br \/>\n1. K\u0131k\u0131rdak dokusunun olu\u015fumuna kat\u0131l\u0131r, eklem sa\u011fl\u0131\u011f\u0131 i\u00e7in \u00f6nemli olan k\u0131k\u0131rdak dokusunun yap\u0131sal bile\u015fenlerinin bir par\u00e7as\u0131d\u0131r.<br \/>\n2. Kolajen biyosentezi i\u00e7in gereklidir, cildin esnekli\u011fini ve yara iyile\u015fmesini destekler.<br \/>\n3. Kaslar\u0131 g\u00fc\u00e7lendirir, aktif b\u00fcy\u00fcme d\u00f6neminde skolyoz olu\u015fumunu \u00f6nler, kas a\u011fr\u0131lar\u0131n\u0131 azalt\u0131r ve kas kramplar\u0131n\u0131 hafifletir.<br \/>\n4. \u00d6zellikle artrit, miyozit, burkulma, tendovajinit ve bursit i\u00e7in etkili anti-enflamatuar etkiye sahiptir.<br \/>\n5. Tiyol (s\u00fclfhidril) gruplar\u0131n\u0131n varl\u0131\u011f\u0131 nedeniyle insan v\u00fccudundaki \u00e7o\u011fu enzimin katalitik i\u015flevlerini sa\u011flar;<br \/>\n6. Toksik maddelere ba\u011flanarak detoksifikasyon etkisine sahiptir.<br \/>\n7. Antialerjik etkiye sahiptir, alerjenlere kar\u015f\u0131 hassasiyeti azalt\u0131r;<br \/>\n8. Antioksidan korumay\u0131 art\u0131r\u0131r, s\u00fclf\u00fcr i\u00e7eren amino asitlerin (metiyonin, sistein, taurin) bir par\u00e7as\u0131d\u0131r, glutatyon sentezine kat\u0131l\u0131r ve proteinlerin stabilitesini sa\u011flar;<br \/>\n9. \u0130ns\u00fclin ihtiyac\u0131n\u0131 azalt\u0131r (s\u00fclf\u00fcr ins\u00fclin sentezinde rol oynar), kan \u015fekeri seviyelerini dengeler, karbonhidrat metabolizmas\u0131nda \u00f6nemli bir rol oynar, diyabeti iyile\u015ftirir ve komplikasyon say\u0131s\u0131n\u0131 azalt\u0131r.<\/p>\n<p>Bu nedenle, MSM NSP kullan\u0131m endikasyonlar\u0131 \u00e7ok \u00e7e\u015fitli hastal\u0131klard\u0131r: alerjiler, akci\u011fer hastal\u0131klar\u0131 ve bron\u015fiyal ast\u0131m, artroz ve artrit, sistemik lupus eritematozus, diyabet, cilt hastal\u0131klar\u0131, yan\u0131klar, sikatrisyel s\u00fcre\u00e7ler ve akne. Buna ek olarak, MSM NSP kullan\u0131m\u0131 di\u015flerin, cildin, t\u0131rnaklar\u0131n ve sa\u00e7lar\u0131n sa\u011fl\u0131kl\u0131 durumunun korunmas\u0131na katk\u0131da bulunur, sistemik enflamatuar hastal\u0131klarda a\u011fr\u0131 sendromunu ortadan kald\u0131r\u0131r ve \u00f6zellikle kas-iskelet sistemini etkilemede etkilidir. Ayr\u0131ca MSM NSP, fiziksel efordan sonra kaslardaki uyu\u015fma, a\u011fr\u0131 ve gerginli\u011fi gidermek i\u00e7in sporculara \u00f6nerilebilir.<\/p>\n<p><strong>\u00dcr\u00fcn kodu<\/strong>: <strong> 4059<\/strong> <strong>Kategori <\/strong>: G\u0131da Takviyeleri <strong>Se\u00e7ilen \u00fcr\u00fcnler: <\/strong>\u015eimdi stokta<\/p>\n<p><span style=\"text-decoration: underline; color: #416943;\"><strong>\u0130\u00e7indekiler<\/strong><\/span><\/p>\n<p style=\"padding-left: 30px;\">G\u0131da takviyesi MSM NSP; organik formda ek bir s\u00fclf\u00fcr kayna\u011f\u0131d\u0131r.<\/p>\n<p><strong>\u0130\u00e7erik <\/strong>(1 tablet): metils\u00fclfonilmetan &#8211; 750 mg (organik formda 255 mg s\u00fclf\u00fcr).<br \/>\n\u0130naktif Bile\u015fenler: mikrokristalin sel\u00fcloz, maltodekstrin, silikon dioksit, magnezyum stearat, sel\u00fcloz ve stearik asit Tablet kaplamas\u0131 karnauba mumu, sel\u00fcloz ve ar\u0131t\u0131lm\u0131\u015f sudan yap\u0131lm\u0131\u015ft\u0131r.<\/p>\n<p><span style=\"text-decoration: underline; color: #4b744e;\"><strong>Kullan\u0131m<\/strong><\/span><\/p>\n<p style=\"padding-left: 30px;\">Yeti\u015fkinler i\u00e7in g\u00fcnde 2 defa yemekle birlikte 1 kaps\u00fcl. Kullan\u0131m s\u00fcresi 1,5 ayd\u0131r.<\/p>\n<p><strong>Contraindications:<\/strong> personal intolerance, pregnancy, and lactation.<\/p>\n<\/div>\r\n            <\/div>\r\n        <\/div>\r\n\r\n\n","protected":false},"excerpt":{"rendered":"<ul>\n<li>MSM i\u00e7erir.<\/li>\n<li>Takviye edici g\u0131dad\u0131r.<\/li>\n<\/ul>\n","protected":false},"featured_media":7986,"template":"","meta":{"_acf_changed":false},"product_cat":[397],"product_tag":[],"class_list":{"0":"post-8062","1":"product","2":"type-product","3":"status-publish","4":"has-post-thumbnail","6":"product_cat-heath","7":"pa_body-systems-kas-iskelet-sistemi-disler","8":"pa_body-systems-skin-hair-nails-tr-2","9":"pa_health-topics-enflamasyon-ve-agri","10":"pa_health-topics-kemikler-ve-eklemler","11":"pa_health-topics-sac-cilt-tirnaklar","12":"pa_product-categories-anti-alerjenik","13":"pa_product-categories-nutrasotikler","15":"first","16":"instock","17":"sale","18":"shipping-taxable","19":"purchasable","20":"product-type-simple"},"acf":[],"yoast_head":"<!-- This site is optimized with the Yoast SEO plugin v22.3 - https:\/\/yoast.com\/wordpress\/plugins\/seo\/ -->\n<title>MSM NSP | Dietary Supplements<\/title>\n<meta name=\"description\" content=\"MSM NSP: Kolajen olu\u015fumunu sa\u011flar, cilt elastikiyetini ve kas g\u00fc\u00e7lenmesini ve yara iyile\u015fmesini destekler. \u0130ns\u00fclin ihtiyac\u0131n\u0131 azalt\u0131r, diyabeti azalt\u0131r,...\" \/>\n<meta name=\"robots\" content=\"index, follow, max-snippet:-1, max-image-preview:large, max-video-preview:-1\" \/>\n<link rel=\"canonical\" href=\"https:\/\/nspshop.net\/tr\/urun\/msm-nsp\/\" \/>\n<meta property=\"og:locale\" content=\"tr_TR\" \/>\n<meta property=\"og:type\" content=\"article\" \/>\n<meta property=\"og:title\" content=\"MSM NSP | Dietary Supplements\" \/>\n<meta property=\"og:description\" content=\"MSM NSP: Kolajen olu\u015fumunu sa\u011flar, cilt elastikiyetini ve kas g\u00fc\u00e7lenmesini ve yara iyile\u015fmesini destekler. \u0130ns\u00fclin ihtiyac\u0131n\u0131 azalt\u0131r, diyabeti azalt\u0131r,...\" \/>\n<meta property=\"og:url\" content=\"https:\/\/nspshop.net\/tr\/urun\/msm-nsp\/\" \/>\n<meta property=\"og:site_name\" content=\"Dietary Supplements\" \/>\n<meta property=\"article:modified_time\" content=\"2024-03-31T08:10:04+00:00\" \/>\n<meta property=\"og:image\" content=\"https:\/\/nspshop.net\/wp-content\/uploads\/2023\/06\/MSM.webp\" \/>\n\t<meta property=\"og:image:width\" content=\"1350\" \/>\n\t<meta property=\"og:image:height\" content=\"1350\" \/>\n\t<meta property=\"og:image:type\" content=\"image\/webp\" \/>\n<meta name=\"twitter:card\" content=\"summary_large_image\" \/>\n<meta name=\"twitter:label1\" content=\"Tahmini okuma s\u00fcresi\" \/>\n\t<meta name=\"twitter:data1\" content=\"1 dakika\" \/>\n<script type=\"application\/ld+json\" class=\"yoast-schema-graph\">{\"@context\":\"https:\/\/schema.org\",\"@graph\":[{\"@type\":\"WebPage\",\"@id\":\"https:\/\/nspshop.net\/tr\/urun\/msm-nsp\/\",\"url\":\"https:\/\/nspshop.net\/tr\/urun\/msm-nsp\/\",\"name\":\"MSM NSP | Dietary Supplements\",\"isPartOf\":{\"@id\":\"https:\/\/nspshop.net\/#website\"},\"primaryImageOfPage\":{\"@id\":\"https:\/\/nspshop.net\/tr\/urun\/msm-nsp\/#primaryimage\"},\"image\":{\"@id\":\"https:\/\/nspshop.net\/tr\/urun\/msm-nsp\/#primaryimage\"},\"thumbnailUrl\":\"https:\/\/nspshop.net\/wp-content\/uploads\/2023\/06\/MSM.webp\",\"datePublished\":\"2023-06-04T17:28:42+00:00\",\"dateModified\":\"2024-03-31T08:10:04+00:00\",\"description\":\"MSM NSP: Kolajen olu\u015fumunu sa\u011flar, cilt elastikiyetini ve kas g\u00fc\u00e7lenmesini ve yara iyile\u015fmesini destekler. \u0130ns\u00fclin ihtiyac\u0131n\u0131 azalt\u0131r, diyabeti azalt\u0131r,...\",\"breadcrumb\":{\"@id\":\"https:\/\/nspshop.net\/tr\/urun\/msm-nsp\/#breadcrumb\"},\"inLanguage\":\"tr\",\"potentialAction\":[{\"@type\":\"ReadAction\",\"target\":[\"https:\/\/nspshop.net\/tr\/urun\/msm-nsp\/\"]}]},{\"@type\":\"ImageObject\",\"inLanguage\":\"tr\",\"@id\":\"https:\/\/nspshop.net\/tr\/urun\/msm-nsp\/#primaryimage\",\"url\":\"https:\/\/nspshop.net\/wp-content\/uploads\/2023\/06\/MSM.webp\",\"contentUrl\":\"https:\/\/nspshop.net\/wp-content\/uploads\/2023\/06\/MSM.webp\",\"width\":1350,\"height\":1350,\"caption\":\"MSM NSP\"},{\"@type\":\"BreadcrumbList\",\"@id\":\"https:\/\/nspshop.net\/tr\/urun\/msm-nsp\/#breadcrumb\",\"itemListElement\":[{\"@type\":\"ListItem\",\"position\":1,\"name\":\"\u0413\u043b\u0430\u0432\u043d\u0430\u044f \u0441\u0442\u0440\u0430\u043d\u0438\u0446\u0430\",\"item\":\"https:\/\/nspshop.net\/\"},{\"@type\":\"ListItem\",\"position\":2,\"name\":\"D\u00fckk\u00e2n\",\"item\":\"https:\/\/nspshop.net\/tr\/shop\/\"},{\"@type\":\"ListItem\",\"position\":3,\"name\":\"MSM NSP\"}]},{\"@type\":\"WebSite\",\"@id\":\"https:\/\/nspshop.net\/#website\",\"url\":\"https:\/\/nspshop.net\/\",\"name\":\"Dietary Supplements\",\"description\":\"BuyNSP\",\"publisher\":{\"@id\":\"https:\/\/nspshop.net\/#organization\"},\"potentialAction\":[{\"@type\":\"SearchAction\",\"target\":{\"@type\":\"EntryPoint\",\"urlTemplate\":\"https:\/\/nspshop.net\/?s={search_term_string}\"},\"query-input\":\"required name=search_term_string\"}],\"inLanguage\":\"tr\"},{\"@type\":\"Organization\",\"@id\":\"https:\/\/nspshop.net\/#organization\",\"name\":\"Dietary Supplements\",\"alternateName\":\"BuyNSP\",\"url\":\"https:\/\/nspshop.net\/\",\"logo\":{\"@type\":\"ImageObject\",\"inLanguage\":\"tr\",\"@id\":\"https:\/\/nspshop.net\/#\/schema\/logo\/image\/\",\"url\":\"https:\/\/nspshop.net\/wp-content\/uploads\/2023\/06\/cropped-Logo-NSP.png\",\"contentUrl\":\"https:\/\/nspshop.net\/wp-content\/uploads\/2023\/06\/cropped-Logo-NSP.png\",\"width\":512,\"height\":512,\"caption\":\"Dietary Supplements\"},\"image\":{\"@id\":\"https:\/\/nspshop.net\/#\/schema\/logo\/image\/\"}}]}<\/script>\n<!-- \/ Yoast SEO plugin. -->","yoast_head_json":{"title":"MSM NSP | Dietary Supplements","description":"MSM NSP: Kolajen olu\u015fumunu sa\u011flar, cilt elastikiyetini ve kas g\u00fc\u00e7lenmesini ve yara iyile\u015fmesini destekler. \u0130ns\u00fclin ihtiyac\u0131n\u0131 azalt\u0131r, diyabeti azalt\u0131r,...","robots":{"index":"index","follow":"follow","max-snippet":"max-snippet:-1","max-image-preview":"max-image-preview:large","max-video-preview":"max-video-preview:-1"},"canonical":"https:\/\/nspshop.net\/tr\/urun\/msm-nsp\/","og_locale":"tr_TR","og_type":"article","og_title":"MSM NSP | Dietary Supplements","og_description":"MSM NSP: Kolajen olu\u015fumunu sa\u011flar, cilt elastikiyetini ve kas g\u00fc\u00e7lenmesini ve yara iyile\u015fmesini destekler. \u0130ns\u00fclin ihtiyac\u0131n\u0131 azalt\u0131r, diyabeti azalt\u0131r,...","og_url":"https:\/\/nspshop.net\/tr\/urun\/msm-nsp\/","og_site_name":"Dietary Supplements","article_modified_time":"2024-03-31T08:10:04+00:00","og_image":[{"width":1350,"height":1350,"url":"https:\/\/nspshop.net\/wp-content\/uploads\/2023\/06\/MSM.webp","type":"image\/webp"}],"twitter_card":"summary_large_image","twitter_misc":{"Tahmini okuma s\u00fcresi":"1 dakika"},"schema":{"@context":"https:\/\/schema.org","@graph":[{"@type":"WebPage","@id":"https:\/\/nspshop.net\/tr\/urun\/msm-nsp\/","url":"https:\/\/nspshop.net\/tr\/urun\/msm-nsp\/","name":"MSM NSP | Dietary Supplements","isPartOf":{"@id":"https:\/\/nspshop.net\/#website"},"primaryImageOfPage":{"@id":"https:\/\/nspshop.net\/tr\/urun\/msm-nsp\/#primaryimage"},"image":{"@id":"https:\/\/nspshop.net\/tr\/urun\/msm-nsp\/#primaryimage"},"thumbnailUrl":"https:\/\/nspshop.net\/wp-content\/uploads\/2023\/06\/MSM.webp","datePublished":"2023-06-04T17:28:42+00:00","dateModified":"2024-03-31T08:10:04+00:00","description":"MSM NSP: Kolajen olu\u015fumunu sa\u011flar, cilt elastikiyetini ve kas g\u00fc\u00e7lenmesini ve yara iyile\u015fmesini destekler. \u0130ns\u00fclin ihtiyac\u0131n\u0131 azalt\u0131r, diyabeti azalt\u0131r,...","breadcrumb":{"@id":"https:\/\/nspshop.net\/tr\/urun\/msm-nsp\/#breadcrumb"},"inLanguage":"tr","potentialAction":[{"@type":"ReadAction","target":["https:\/\/nspshop.net\/tr\/urun\/msm-nsp\/"]}]},{"@type":"ImageObject","inLanguage":"tr","@id":"https:\/\/nspshop.net\/tr\/urun\/msm-nsp\/#primaryimage","url":"https:\/\/nspshop.net\/wp-content\/uploads\/2023\/06\/MSM.webp","contentUrl":"https:\/\/nspshop.net\/wp-content\/uploads\/2023\/06\/MSM.webp","width":1350,"height":1350,"caption":"MSM NSP"},{"@type":"BreadcrumbList","@id":"https:\/\/nspshop.net\/tr\/urun\/msm-nsp\/#breadcrumb","itemListElement":[{"@type":"ListItem","position":1,"name":"\u0413\u043b\u0430\u0432\u043d\u0430\u044f \u0441\u0442\u0440\u0430\u043d\u0438\u0446\u0430","item":"https:\/\/nspshop.net\/"},{"@type":"ListItem","position":2,"name":"D\u00fckk\u00e2n","item":"https:\/\/nspshop.net\/tr\/shop\/"},{"@type":"ListItem","position":3,"name":"MSM NSP"}]},{"@type":"WebSite","@id":"https:\/\/nspshop.net\/#website","url":"https:\/\/nspshop.net\/","name":"Dietary Supplements","description":"BuyNSP","publisher":{"@id":"https:\/\/nspshop.net\/#organization"},"potentialAction":[{"@type":"SearchAction","target":{"@type":"EntryPoint","urlTemplate":"https:\/\/nspshop.net\/?s={search_term_string}"},"query-input":"required name=search_term_string"}],"inLanguage":"tr"},{"@type":"Organization","@id":"https:\/\/nspshop.net\/#organization","name":"Dietary Supplements","alternateName":"BuyNSP","url":"https:\/\/nspshop.net\/","logo":{"@type":"ImageObject","inLanguage":"tr","@id":"https:\/\/nspshop.net\/#\/schema\/logo\/image\/","url":"https:\/\/nspshop.net\/wp-content\/uploads\/2023\/06\/cropped-Logo-NSP.png","contentUrl":"https:\/\/nspshop.net\/wp-content\/uploads\/2023\/06\/cropped-Logo-NSP.png","width":512,"height":512,"caption":"Dietary Supplements"},"image":{"@id":"https:\/\/nspshop.net\/#\/schema\/logo\/image\/"}}]}},"_links":{"self":[{"href":"https:\/\/nspshop.net\/tr\/wp-json\/wp\/v2\/product\/8062","targetHints":{"allow":["GET"]}}],"collection":[{"href":"https:\/\/nspshop.net\/tr\/wp-json\/wp\/v2\/product"}],"about":[{"href":"https:\/\/nspshop.net\/tr\/wp-json\/wp\/v2\/types\/product"}],"wp:featuredmedia":[{"embeddable":true,"href":"https:\/\/nspshop.net\/tr\/wp-json\/wp\/v2\/media\/7986"}],"wp:attachment":[{"href":"https:\/\/nspshop.net\/tr\/wp-json\/wp\/v2\/media?parent=8062"}],"wp:term":[{"taxonomy":"product_cat","embeddable":true,"href":"https:\/\/nspshop.net\/tr\/wp-json\/wp\/v2\/product_cat?post=8062"},{"taxonomy":"product_tag","embeddable":true,"href":"https:\/\/nspshop.net\/tr\/wp-json\/wp\/v2\/product_tag?post=8062"}],"curies":[{"name":"wp","href":"https:\/\/api.w.org\/{rel}","templated":true}]}}