{"id":8063,"date":"2023-06-04T20:18:31","date_gmt":"2023-06-04T17:18:31","guid":{"rendered":"https:\/\/nspshop.net\/product\/morinda-nsp\/"},"modified":"2024-03-31T11:11:01","modified_gmt":"2024-03-31T08:11:01","slug":"morinda-nsp","status":"publish","type":"product","link":"https:\/\/nspshop.net\/tr\/urun\/morinda-nsp\/","title":{"rendered":"Noni Meyve NSP"},"content":{"rendered":"\r\n        <div class=\"med_worker_introduce_text \">\r\n\r\n            Bu b\u00f6l\u00fcm sadece <span class=\"med_anchor_link\"> <b>Sa\u011fl\u0131k profesyonelleri<\/b> i\u00e7indir<\/span>\r\n\r\n        <\/div>\r\n\r\n        <div class=\"med_worker_popup_wrapper hide\" style=\"background-color: rgba(10,10,10,0.3)\">\r\n            <div class=\"med_worker_popup\" style=\"width:1024px; height:600px;background-color:#ffffff; border-radius: 10px;\">\r\n                <div class=\"med_worker_confirmation\">\r\n                    <span style=\"font-size: 20px\">\r\n                        Sa\u011fl\u0131k profesyoneli misiniz?                    <\/span>\r\n                    <div class=\"med_worker_buttons\">\r\n                        <a href=\"\" class=\"confirm\" style=\"background-color:#0d594e; color: #ffffff;\">Evet<\/a>\r\n                        <a href=\"\" class=\"reject\" style=\"background-color:#bc2b2b; color: #0a0a0a;\">Hay\u0131r<\/a>\r\n                    <\/div>\r\n                <\/div>\r\n                <div class=\"med_worker_decription hide\"><h1 class=\"product_title entry-title\">Noni Meyve NSP<\/h1>\n<div class=\"t-store__tabs__content t-descr t-descr_xxs\">\n<p class=\"product_title entry-title\">Noni Meyve NSP (Noni bitkisinin bir di\u011fer ad\u0131) 150&#8217;den fazla biyolojik olarak aktif madde i\u00e7erir. Bu harika bitkinin iyile\u015ftirici \u00f6zellikleri Polinezya, \u00c7in ve di\u011fer tropikal b\u00f6lgelerin sakinleri taraf\u0131ndan uzun zamand\u0131r bilinmektedir.<\/p>\n<p>Morinda, Marene familyas\u0131ndan k\u00fc\u00e7\u00fck, yaprak d\u00f6kmeyen \u00e7ok y\u0131ll\u0131k bir \u00e7al\u0131d\u0131r (veya k\u00fc\u00e7\u00fck bir a\u011fa\u00e7t\u0131r). Gezegenin tropikal b\u00f6lgelerinde yayg\u0131nd\u0131r. A\u011fustos ay\u0131ndaki beyaz \u00e7i\u00e7ekler, g\u00f6r\u00fcn\u00fc\u015f olarak patatese benzeyen ve &#8220;peynirli&#8221; olarak adland\u0131r\u0131lan \u00f6zel bir kokuya sahip k\u00fc\u00e7\u00fck k\u0131rm\u0131z\u0131 meyvelere d\u00f6n\u00fc\u015f\u00fcr. Anavatan\u0131nda (Tahiti G\u00f6l\u00fc, Avustralya, Malezya ve Vietnam) morinda &#8220;bitkilerin kral\u0131&#8221; olarak kabul edilir. \u00c7inliler ve Polinezyal\u0131lar\u0131n yan\u0131 s\u0131ra bu b\u00f6lgelerin sakinleri de bitkinin t\u0131bbi \u00f6zelliklerini \u00e7ok eski zamanlardan beri bilmektedir. Halk t\u0131bb\u0131nda, \u00e7al\u0131lar\u0131n t\u00fcm k\u0131s\u0131mlar\u0131 ila\u00e7 haz\u0131rlamak i\u00e7in kullan\u0131l\u0131r. Do\u011fu \u015fifac\u0131lar\u0131n\u0131n en eski el yazmalar\u0131nda morinda&#8217;dan bahsedilmektedir.NSP Morinda form\u00fcl\u00fc, bitkinin iki \u00e7e\u015fidinin par\u00e7alar\u0131n\u0131 i\u00e7erir, bunlar sadece fitobesinler (selenyum dahil antioksidanlar ve min\u00f6r alkaloidler &#8211; fizyolojik olarak aktif bile\u015fenler &#8211; proxeronin ve xeronin) i\u00e7erir. Bunlar Morinda citrifolia veya Noni &#8211; k\u00f6kler, yapraklar, meyveler &#8211; ve Morinda officinalis &#8211; k\u00f6kler gibi morinda t\u00fcrleridir. \u00dcr\u00fcne bir dizi benzersiz t\u0131bbi \u00f6zellik kazand\u0131ran her bir bile\u015fenden daha ayr\u0131nt\u0131l\u0131 olarak bahsedelim.Noni (morinda turun\u00e7gilinin yerel ad\u0131) G\u00fcney Pasifik&#8217;te yeti\u015fir. \u00c7al\u0131 alt\u0131 metreye kadar b\u00fcy\u00fcr, ye\u015fil yapraklar\u0131 oval ve parlakt\u0131r. Bu son derece e\u015fsiz bitki, hastal\u0131klardan ve parazitlerden neredeyse hi\u00e7 etkilenmez. Bu nedenle noni uzun \u00f6m\u00fcrl\u00fcd\u00fcr ve insanlara aktar\u0131lan g\u00fc\u00e7leri iyile\u015ftiricidir. Volkanik topraklarda, kirlenmemi\u015f hava ve temiz su ile yeti\u015ftirilen noni her ay meyve verir. Bir k\u00fclt\u00fcr bitkisi olarak iki bin y\u0131ld\u0131r yeti\u015ftirilmektedir. Narenciye morinda hakk\u0131nda bir\u00e7ok efsane yarat\u0131lm\u0131\u015ft\u0131r. \u00c7al\u0131lar\u0131n t\u00fcm par\u00e7alar\u0131 \u00e7i\u011f bile olsa g\u0131da olarak t\u00fcketilir.<\/p>\n<p>Antik \u00e7a\u011flardan beri Noni t\u00fcm\u00f6rleri, idrar yolu hastal\u0131klar\u0131n\u0131, solunum sistemini ve kan\u0131 tedavi etmek i\u00e7in kullan\u0131lm\u0131\u015ft\u0131r. Citrus cornelis, adet \u00f6ncesi a\u011fr\u0131lar\u0131n giderilmesinde, cilt hastal\u0131klar\u0131nda, gastrointestinal sistem bozukluklar\u0131n\u0131n giderilmesinde (parazitik solucan istilalar\u0131 dahil) kullan\u0131l\u0131r.<\/p>\n<p>Bitki belirgin bir ate\u015f d\u00fc\u015f\u00fcr\u00fcc\u00fc ve antibiyotik benzeri iltihap giderici \u00f6zelliklere sahiptir. \u00c7al\u0131\u015fmalar, \u00e7al\u0131 k\u00f6k\u00fc ekstresinin analjezik \u00f6zelliklere sahip oldu\u011funu ve yaprak ve meyvelerin antibakteriyel \u00f6zelliklere sahip oldu\u011funu bulmu\u015ftur. Morinda narenciye yapra\u011f\u0131 shigella ve salmonella gibi patojenlere kar\u015f\u0131 etkilidir. Bitkinin yaprak ve k\u00f6klerinden olu\u015fan bir kar\u0131\u015f\u0131m hemoroid, ven\u00f6z staz, araknoidit (omurilik veya beynin a\u011f benzeri zar\u0131n\u0131n iltihab\u0131) tedavisinde antikoag\u00fclasyon etkilerine sahiptir. Bu kar\u0131\u015f\u0131m adet bozukluklar\u0131 i\u00e7in de faydal\u0131d\u0131r. Burada, bu \u00f6zelli\u011fin d\u00fc\u015f\u00fck yapma olas\u0131l\u0131\u011f\u0131 nedeniyle hamile kad\u0131nlar i\u00e7in tavsiye edilmedi\u011fini belirtmek gerekir. Bununla birlikte, morinda citrusifolia&#8217;n\u0131n akci\u011fer kanseri tedavisinde etkili oldu\u011funun g\u00f6sterildi\u011fini unutmay\u0131n.<\/p>\n<p>Morinda medicinalis t\u0131rmanan \u00e7ok y\u0131ll\u0131k bir bitkidir. Yapraklar dikd\u00f6rtgen, sivri u\u00e7ludur. Tropikal iklime sahip \u00fclkelerde \u00e7o\u011funlukla hafif ormanlarda, tarla kenarlar\u0131nda yeti\u015fir. Bu bitki \u00c7in t\u0131bb\u0131nda en yayg\u0131n kullan\u0131m alan\u0131 bulmu\u015ftur. Noni&#8217;den farkl\u0131 olarak, \u00e7o\u011funlukla \u00e7al\u0131lar\u0131n k\u00f6kleri kullan\u0131l\u0131r.<\/p>\n<p>\u00c7inli hekimler Morinda medicinalis&#8217;i t\u00fcm\u00f6rler, her iki cinsiyetin cinsel sorunlar\u0131, romatizma tedavisi, \u00fcriner sistem ve b\u00f6brek hastal\u0131klar\u0131, poliartrit i\u00e7in kullanmaktad\u0131r. Bitkinin v\u00fccut \u00fczerindeki onar\u0131c\u0131 etkisine dikkat \u00e7ekilmektedir.<\/p>\n<p>\u00c7in&#8217;de yap\u0131lan ara\u015ft\u0131rmalar, Morinda medicinalis&#8217;in beyaz kan h\u00fccrelerinin seviyesini \u00f6nemli \u00f6l\u00e7\u00fcde art\u0131rma, endokrin sistemi uyarma yetene\u011fine sahip oldu\u011funu kan\u0131tlam\u0131\u015ft\u0131r. Bitki, b\u00f6breklerin kronik ve akut hastal\u0131klar\u0131nda son derece etkilidir. Bilim adamlar\u0131, morinda bitkisinin bir\u00e7ok sakinle\u015ftiriciye dahil edilmesi i\u00e7in anti-enflamatuar \u00f6zelliklerini, kan mikrosirk\u00fclasyonunu iyile\u015ftirme yetene\u011fini ve yat\u0131\u015ft\u0131r\u0131c\u0131 bir etkiyi not etmi\u015flerdir.<\/p>\n<p>NSP \u015firketi, iki t\u00fcr benzersiz \u015fifal\u0131 bitkiyi tek bir \u00fcr\u00fcnde birle\u015ftirerek Morinda adl\u0131 bir besin takviyesi yaratt\u0131. Bu etkili \u00fcr\u00fcn, sindirimi iyile\u015ftiren, endokrin sistemi, gastrointestinal sistemi uyaran, solunum yolu hastal\u0131klar\u0131n\u0131 iyile\u015ftiren, ba\u011f\u0131\u015f\u0131kl\u0131k sistemini g\u00fc\u00e7lendiren bir ara\u00e7 olarak kullan\u0131lmas\u0131 tavsiye edilir. G\u00fcn\u00fcm\u00fcz d\u00fcnyas\u0131nda, g\u00fcnl\u00fck strese maruz kalan bir ki\u015fi, NSP&#8217;den Morinda&#8217;n\u0131n sinir sistemi \u00fczerindeki yat\u0131\u015ft\u0131r\u0131c\u0131 etkisini takdir edecektir. Morinda&#8217;n\u0131n analjezik etkisi, kullan\u0131m\u0131n\u0131 artrit i\u00e7in vazge\u00e7ilmez k\u0131lar ve rejeneratif i\u015flevi cildin elastikiyetini geri kazand\u0131r\u0131r, durumunu iyile\u015ftirir, ya\u015flanma s\u00fcre\u00e7lerini yava\u015flat\u0131r.<\/p>\n<p><strong>\u00dcr\u00fcn kodu <\/strong>: 22752 <strong>Kategori <\/strong>: G\u0131da Takviyeleri <strong>Se\u00e7ilen \u00fcr\u00fcnler: <\/strong>\u015eimdi stokta<\/p>\n<\/div>\n<div class=\"t-store__tabs__content t-descr t-descr_xxs\"><\/div>\n<div class=\"t-store__tabs__content t-descr t-descr_xxs\">\n<div class=\"t-store__tabs__button js-store-tab-button\" data-sanitized-data-tab-title=\"Ingredients\" data-tab-title=\"Ingredients\">\n<div class=\"t-store__tabs__button-title t-name t-name_xs\"><strong>\u0130\u00e7indekiler<\/strong><\/div>\n<div class=\"t-store__tabs__button-title t-name t-name_xs\">\n<p><strong>\u0130\u00e7erik<\/strong> (1 kaps\u00fcl): Morinda citrifolia (noni) meyveleri &#8211; 426 mg.<\/p>\n<p><strong>\u0130naktif Bile\u015fenler<\/strong>: jelatin ve su<\/p>\n<\/div>\n<div class=\"t-store__tabs__button-title t-name t-name_xs\"><\/div>\n<\/div>\n<div class=\"t-store__tabs__button js-store-tab-button\" data-sanitized-data-tab-title=\"Usage\" data-tab-title=\"Usage\">\n<div class=\"t-store__tabs__button-title t-name t-name_xs\"><strong>Kullan\u0131m<\/strong><\/div>\n<div class=\"t-store__tabs__button-title t-name t-name_xs\">\n<p>Yemek s\u0131ras\u0131nda g\u00fcnde be\u015f kaps\u00fcl. Kullan\u0131m s\u00fcresi bir ayd\u0131r. Gerekirse kullan\u0131m tekrarlanabilir.<\/p>\n<p><strong>Contraindications:<\/strong> personal intolerance, pregnancy, and lactation.<\/p>\n<\/div>\n<\/div>\n<\/div>\n<\/div>\r\n            <\/div>\r\n        <\/div>\r\n\r\n\n","protected":false},"excerpt":{"rendered":"<ul>\n<li>Noni meyvesi i\u00e7erir.<\/li>\n<li>Takviye edici g\u0131dad\u0131r.<\/li>\n<\/ul>\n","protected":false},"featured_media":7985,"template":"","meta":{"_acf_changed":false},"product_cat":[397],"product_tag":[],"class_list":{"0":"post-8063","1":"product","2":"type-product","3":"status-publish","4":"has-post-thumbnail","6":"product_cat-heath","7":"pa_body-systems-bagisiklik-ve-lenfatik","8":"pa_body-systems-solunum","9":"pa_health-topics-bagisiklik","10":"pa_health-topics-enflamasyon-ve-agri","11":"pa_health-topics-mevsimsel-destek","12":"pa_product-categories-antibakteriyeller","13":"pa_product-categories-antifungal-tr","14":"pa_product-categories-antioxidants-tr","15":"pa_product-categories-antiviraller","16":"pa_product-categories-parafarmasotikler","18":"first","19":"instock","20":"sale","21":"shipping-taxable","22":"purchasable","23":"product-type-simple"},"acf":[],"yoast_head":"<!-- This site is optimized with the Yoast SEO plugin v22.3 - https:\/\/yoast.com\/wordpress\/plugins\/seo\/ -->\n<title>Noni Meyve NSP | Dietary Supplements<\/title>\n<meta name=\"description\" content=\"Morinda NSP: Ba\u011f\u0131\u015f\u0131kl\u0131k sistemini g\u00fc\u00e7lendirir. Bakteriyel ve viral enfeksiyonlara kar\u015f\u0131 korur. Gastrointestinal sistemi ve endokrin sistemi uyar\u0131r.\" \/>\n<meta name=\"robots\" content=\"index, follow, max-snippet:-1, max-image-preview:large, max-video-preview:-1\" \/>\n<link rel=\"canonical\" href=\"https:\/\/nspshop.net\/tr\/urun\/morinda-nsp\/\" \/>\n<meta property=\"og:locale\" content=\"tr_TR\" \/>\n<meta property=\"og:type\" content=\"article\" \/>\n<meta property=\"og:title\" content=\"Noni Meyve NSP | Dietary Supplements\" \/>\n<meta property=\"og:description\" content=\"Morinda NSP: Ba\u011f\u0131\u015f\u0131kl\u0131k sistemini g\u00fc\u00e7lendirir. Bakteriyel ve viral enfeksiyonlara kar\u015f\u0131 korur. Gastrointestinal sistemi ve endokrin sistemi uyar\u0131r.\" \/>\n<meta property=\"og:url\" content=\"https:\/\/nspshop.net\/tr\/urun\/morinda-nsp\/\" \/>\n<meta property=\"og:site_name\" content=\"Dietary Supplements\" \/>\n<meta property=\"article:modified_time\" content=\"2024-03-31T08:11:01+00:00\" \/>\n<meta property=\"og:image\" content=\"https:\/\/nspshop.net\/wp-content\/uploads\/2023\/06\/Morinda.webp\" \/>\n\t<meta property=\"og:image:width\" content=\"1350\" \/>\n\t<meta property=\"og:image:height\" content=\"1350\" \/>\n\t<meta property=\"og:image:type\" content=\"image\/webp\" \/>\n<meta name=\"twitter:card\" content=\"summary_large_image\" \/>\n<meta name=\"twitter:label1\" content=\"Tahmini okuma s\u00fcresi\" \/>\n\t<meta name=\"twitter:data1\" content=\"1 dakika\" \/>\n<script type=\"application\/ld+json\" class=\"yoast-schema-graph\">{\"@context\":\"https:\/\/schema.org\",\"@graph\":[{\"@type\":\"WebPage\",\"@id\":\"https:\/\/nspshop.net\/tr\/urun\/morinda-nsp\/\",\"url\":\"https:\/\/nspshop.net\/tr\/urun\/morinda-nsp\/\",\"name\":\"Noni Meyve NSP | Dietary Supplements\",\"isPartOf\":{\"@id\":\"https:\/\/nspshop.net\/#website\"},\"primaryImageOfPage\":{\"@id\":\"https:\/\/nspshop.net\/tr\/urun\/morinda-nsp\/#primaryimage\"},\"image\":{\"@id\":\"https:\/\/nspshop.net\/tr\/urun\/morinda-nsp\/#primaryimage\"},\"thumbnailUrl\":\"https:\/\/nspshop.net\/wp-content\/uploads\/2023\/06\/Morinda.webp\",\"datePublished\":\"2023-06-04T17:18:31+00:00\",\"dateModified\":\"2024-03-31T08:11:01+00:00\",\"description\":\"Morinda NSP: Ba\u011f\u0131\u015f\u0131kl\u0131k sistemini g\u00fc\u00e7lendirir. Bakteriyel ve viral enfeksiyonlara kar\u015f\u0131 korur. Gastrointestinal sistemi ve endokrin sistemi uyar\u0131r.\",\"breadcrumb\":{\"@id\":\"https:\/\/nspshop.net\/tr\/urun\/morinda-nsp\/#breadcrumb\"},\"inLanguage\":\"tr\",\"potentialAction\":[{\"@type\":\"ReadAction\",\"target\":[\"https:\/\/nspshop.net\/tr\/urun\/morinda-nsp\/\"]}]},{\"@type\":\"ImageObject\",\"inLanguage\":\"tr\",\"@id\":\"https:\/\/nspshop.net\/tr\/urun\/morinda-nsp\/#primaryimage\",\"url\":\"https:\/\/nspshop.net\/wp-content\/uploads\/2023\/06\/Morinda.webp\",\"contentUrl\":\"https:\/\/nspshop.net\/wp-content\/uploads\/2023\/06\/Morinda.webp\",\"width\":1350,\"height\":1350,\"caption\":\"Morinda NSP\"},{\"@type\":\"BreadcrumbList\",\"@id\":\"https:\/\/nspshop.net\/tr\/urun\/morinda-nsp\/#breadcrumb\",\"itemListElement\":[{\"@type\":\"ListItem\",\"position\":1,\"name\":\"\u0413\u043b\u0430\u0432\u043d\u0430\u044f \u0441\u0442\u0440\u0430\u043d\u0438\u0446\u0430\",\"item\":\"https:\/\/nspshop.net\/\"},{\"@type\":\"ListItem\",\"position\":2,\"name\":\"D\u00fckk\u00e2n\",\"item\":\"https:\/\/nspshop.net\/tr\/shop\/\"},{\"@type\":\"ListItem\",\"position\":3,\"name\":\"Noni Meyve NSP\"}]},{\"@type\":\"WebSite\",\"@id\":\"https:\/\/nspshop.net\/#website\",\"url\":\"https:\/\/nspshop.net\/\",\"name\":\"Dietary Supplements\",\"description\":\"BuyNSP\",\"publisher\":{\"@id\":\"https:\/\/nspshop.net\/#organization\"},\"potentialAction\":[{\"@type\":\"SearchAction\",\"target\":{\"@type\":\"EntryPoint\",\"urlTemplate\":\"https:\/\/nspshop.net\/?s={search_term_string}\"},\"query-input\":\"required name=search_term_string\"}],\"inLanguage\":\"tr\"},{\"@type\":\"Organization\",\"@id\":\"https:\/\/nspshop.net\/#organization\",\"name\":\"Dietary Supplements\",\"alternateName\":\"BuyNSP\",\"url\":\"https:\/\/nspshop.net\/\",\"logo\":{\"@type\":\"ImageObject\",\"inLanguage\":\"tr\",\"@id\":\"https:\/\/nspshop.net\/#\/schema\/logo\/image\/\",\"url\":\"https:\/\/nspshop.net\/wp-content\/uploads\/2023\/06\/cropped-Logo-NSP.png\",\"contentUrl\":\"https:\/\/nspshop.net\/wp-content\/uploads\/2023\/06\/cropped-Logo-NSP.png\",\"width\":512,\"height\":512,\"caption\":\"Dietary Supplements\"},\"image\":{\"@id\":\"https:\/\/nspshop.net\/#\/schema\/logo\/image\/\"}}]}<\/script>\n<!-- \/ Yoast SEO plugin. -->","yoast_head_json":{"title":"Noni Meyve NSP | Dietary Supplements","description":"Morinda NSP: Ba\u011f\u0131\u015f\u0131kl\u0131k sistemini g\u00fc\u00e7lendirir. Bakteriyel ve viral enfeksiyonlara kar\u015f\u0131 korur. Gastrointestinal sistemi ve endokrin sistemi uyar\u0131r.","robots":{"index":"index","follow":"follow","max-snippet":"max-snippet:-1","max-image-preview":"max-image-preview:large","max-video-preview":"max-video-preview:-1"},"canonical":"https:\/\/nspshop.net\/tr\/urun\/morinda-nsp\/","og_locale":"tr_TR","og_type":"article","og_title":"Noni Meyve NSP | Dietary Supplements","og_description":"Morinda NSP: Ba\u011f\u0131\u015f\u0131kl\u0131k sistemini g\u00fc\u00e7lendirir. Bakteriyel ve viral enfeksiyonlara kar\u015f\u0131 korur. Gastrointestinal sistemi ve endokrin sistemi uyar\u0131r.","og_url":"https:\/\/nspshop.net\/tr\/urun\/morinda-nsp\/","og_site_name":"Dietary Supplements","article_modified_time":"2024-03-31T08:11:01+00:00","og_image":[{"width":1350,"height":1350,"url":"https:\/\/nspshop.net\/wp-content\/uploads\/2023\/06\/Morinda.webp","type":"image\/webp"}],"twitter_card":"summary_large_image","twitter_misc":{"Tahmini okuma s\u00fcresi":"1 dakika"},"schema":{"@context":"https:\/\/schema.org","@graph":[{"@type":"WebPage","@id":"https:\/\/nspshop.net\/tr\/urun\/morinda-nsp\/","url":"https:\/\/nspshop.net\/tr\/urun\/morinda-nsp\/","name":"Noni Meyve NSP | Dietary Supplements","isPartOf":{"@id":"https:\/\/nspshop.net\/#website"},"primaryImageOfPage":{"@id":"https:\/\/nspshop.net\/tr\/urun\/morinda-nsp\/#primaryimage"},"image":{"@id":"https:\/\/nspshop.net\/tr\/urun\/morinda-nsp\/#primaryimage"},"thumbnailUrl":"https:\/\/nspshop.net\/wp-content\/uploads\/2023\/06\/Morinda.webp","datePublished":"2023-06-04T17:18:31+00:00","dateModified":"2024-03-31T08:11:01+00:00","description":"Morinda NSP: Ba\u011f\u0131\u015f\u0131kl\u0131k sistemini g\u00fc\u00e7lendirir. Bakteriyel ve viral enfeksiyonlara kar\u015f\u0131 korur. Gastrointestinal sistemi ve endokrin sistemi uyar\u0131r.","breadcrumb":{"@id":"https:\/\/nspshop.net\/tr\/urun\/morinda-nsp\/#breadcrumb"},"inLanguage":"tr","potentialAction":[{"@type":"ReadAction","target":["https:\/\/nspshop.net\/tr\/urun\/morinda-nsp\/"]}]},{"@type":"ImageObject","inLanguage":"tr","@id":"https:\/\/nspshop.net\/tr\/urun\/morinda-nsp\/#primaryimage","url":"https:\/\/nspshop.net\/wp-content\/uploads\/2023\/06\/Morinda.webp","contentUrl":"https:\/\/nspshop.net\/wp-content\/uploads\/2023\/06\/Morinda.webp","width":1350,"height":1350,"caption":"Morinda NSP"},{"@type":"BreadcrumbList","@id":"https:\/\/nspshop.net\/tr\/urun\/morinda-nsp\/#breadcrumb","itemListElement":[{"@type":"ListItem","position":1,"name":"\u0413\u043b\u0430\u0432\u043d\u0430\u044f \u0441\u0442\u0440\u0430\u043d\u0438\u0446\u0430","item":"https:\/\/nspshop.net\/"},{"@type":"ListItem","position":2,"name":"D\u00fckk\u00e2n","item":"https:\/\/nspshop.net\/tr\/shop\/"},{"@type":"ListItem","position":3,"name":"Noni Meyve NSP"}]},{"@type":"WebSite","@id":"https:\/\/nspshop.net\/#website","url":"https:\/\/nspshop.net\/","name":"Dietary Supplements","description":"BuyNSP","publisher":{"@id":"https:\/\/nspshop.net\/#organization"},"potentialAction":[{"@type":"SearchAction","target":{"@type":"EntryPoint","urlTemplate":"https:\/\/nspshop.net\/?s={search_term_string}"},"query-input":"required name=search_term_string"}],"inLanguage":"tr"},{"@type":"Organization","@id":"https:\/\/nspshop.net\/#organization","name":"Dietary Supplements","alternateName":"BuyNSP","url":"https:\/\/nspshop.net\/","logo":{"@type":"ImageObject","inLanguage":"tr","@id":"https:\/\/nspshop.net\/#\/schema\/logo\/image\/","url":"https:\/\/nspshop.net\/wp-content\/uploads\/2023\/06\/cropped-Logo-NSP.png","contentUrl":"https:\/\/nspshop.net\/wp-content\/uploads\/2023\/06\/cropped-Logo-NSP.png","width":512,"height":512,"caption":"Dietary Supplements"},"image":{"@id":"https:\/\/nspshop.net\/#\/schema\/logo\/image\/"}}]}},"_links":{"self":[{"href":"https:\/\/nspshop.net\/tr\/wp-json\/wp\/v2\/product\/8063","targetHints":{"allow":["GET"]}}],"collection":[{"href":"https:\/\/nspshop.net\/tr\/wp-json\/wp\/v2\/product"}],"about":[{"href":"https:\/\/nspshop.net\/tr\/wp-json\/wp\/v2\/types\/product"}],"wp:featuredmedia":[{"embeddable":true,"href":"https:\/\/nspshop.net\/tr\/wp-json\/wp\/v2\/media\/7985"}],"wp:attachment":[{"href":"https:\/\/nspshop.net\/tr\/wp-json\/wp\/v2\/media?parent=8063"}],"wp:term":[{"taxonomy":"product_cat","embeddable":true,"href":"https:\/\/nspshop.net\/tr\/wp-json\/wp\/v2\/product_cat?post=8063"},{"taxonomy":"product_tag","embeddable":true,"href":"https:\/\/nspshop.net\/tr\/wp-json\/wp\/v2\/product_tag?post=8063"}],"curies":[{"name":"wp","href":"https:\/\/api.w.org\/{rel}","templated":true}]}}